{"id":52992,"date":"2024-10-03T12:03:43","date_gmt":"2024-10-03T12:03:43","guid":{"rendered":"https:\/\/hello.pricelabs.co\/?page_id=52992"},"modified":"2025-06-12T07:12:57","modified_gmt":"2025-06-12T07:12:57","slug":"signup-revenue-estimator-pro","status":"publish","type":"page","link":"https:\/\/hello.pricelabs.co\/de\/signup-revenue-estimator-pro\/","title":{"rendered":"Revenue Estimator Pro Anmelden"},"content":{"rendered":"\t\t<div data-elementor-type=\"wp-page\" data-elementor-id=\"52992\" class=\"elementor elementor-52992 elementor-28190\" wpc-filter-elementor-widget=\"1\" data-elementor-post-type=\"page\">\n\t\t\t\t\t\t<section class=\"elementor-section elementor-top-section elementor-element elementor-element-ea6e309 elementor-section-full_width elementor-hidden-desktop elementor-hidden-tablet elementor-section-stretched elementor-section-height-default elementor-section-height-default\" data-id=\"ea6e309\" data-element_type=\"section\" data-e-type=\"section\" data-settings=\"{&quot;background_background&quot;:&quot;classic&quot;,&quot;stretch_section&quot;:&quot;section-stretched&quot;}\">\n\t\t\t\t\t\t<div class=\"elementor-container elementor-column-gap-default\">\n\t\t\t\t\t<div class=\"elementor-column elementor-col-100 elementor-top-column elementor-element elementor-element-06cd44f\" data-id=\"06cd44f\" data-element_type=\"column\" data-e-type=\"column\">\n\t\t\t<div class=\"elementor-widget-wrap elementor-element-populated\">\n\t\t\t\t\t\t<div class=\"elementor-element elementor-element-4171595 elementor-widget elementor-widget-image\" data-id=\"4171595\" data-element_type=\"widget\" data-e-type=\"widget\" data-widget_type=\"image.default\">\n\t\t\t\t\t\t\t\t\t\t\t\t\t\t\t<img decoding=\"async\" width=\"164\" height=\"43\" src=\"https:\/\/hello.pricelabs.co\/wp-content\/uploads\/2023\/06\/Horizontal-_-White-1.svg\" class=\"attachment-full size-full wp-image-113980\" alt=\"\" \/>\t\t\t\t\t\t\t\t\t\t\t\t\t\t\t<\/div>\n\t\t\t\t\t<\/div>\n\t\t<\/div>\n\t\t\t\t\t<\/div>\n\t\t<\/section>\n\t\t\t\t<section class=\"elementor-section elementor-top-section elementor-element elementor-element-f65ebe0 elementor-section-full_width elementor-section-height-full signup_width elementor-section-stretched elementor-section-height-default elementor-section-items-middle\" data-id=\"f65ebe0\" data-element_type=\"section\" data-e-type=\"section\" data-settings=\"{&quot;stretch_section&quot;:&quot;section-stretched&quot;}\">\n\t\t\t\t\t\t<div class=\"elementor-container elementor-column-gap-no\">\n\t\t\t\t\t<div class=\"elementor-column elementor-col-50 elementor-top-column elementor-element elementor-element-b8d8170 elementor-hidden-mobile signup_height\" data-id=\"b8d8170\" data-element_type=\"column\" data-e-type=\"column\" data-settings=\"{&quot;background_background&quot;:&quot;slideshow&quot;,&quot;background_slideshow_gallery&quot;:[{&quot;id&quot;:19130,&quot;url&quot;:&quot;https:\\\/\\\/hello.pricelabs.co\\\/wp-content\\\/uploads\\\/2023\\\/06\\\/PriceLabs-Login-Bg.svg&quot;}],&quot;background_slideshow_loop&quot;:&quot;yes&quot;,&quot;background_slideshow_slide_duration&quot;:5000,&quot;background_slideshow_slide_transition&quot;:&quot;fade&quot;,&quot;background_slideshow_transition_duration&quot;:500}\">\n\t\t\t<div class=\"elementor-widget-wrap elementor-element-populated\">\n\t\t\t\t\t\t<section class=\"elementor-section elementor-inner-section elementor-element elementor-element-5d263a2 elementor-hidden-mobile elementor-section-boxed elementor-section-height-default elementor-section-height-default\" data-id=\"5d263a2\" data-element_type=\"section\" data-e-type=\"section\">\n\t\t\t\t\t\t<div class=\"elementor-container elementor-column-gap-no\">\n\t\t\t\t\t<div class=\"elementor-column elementor-col-100 elementor-inner-column elementor-element elementor-element-783bed3 elementor-hidden-mobile\" data-id=\"783bed3\" data-element_type=\"column\" data-e-type=\"column\">\n\t\t\t<div class=\"elementor-widget-wrap elementor-element-populated\">\n\t\t\t\t\t\t<div class=\"elementor-element elementor-element-ee8c1d9 elementor-widget elementor-widget-image\" data-id=\"ee8c1d9\" data-element_type=\"widget\" data-e-type=\"widget\" data-widget_type=\"image.default\">\n\t\t\t\t\t\t\t\t\t\t\t\t\t\t\t<img decoding=\"async\" width=\"164\" height=\"43\" src=\"https:\/\/hello.pricelabs.co\/wp-content\/uploads\/2023\/06\/Horizontal-_-White-1.svg\" class=\"attachment-full size-full wp-image-113980\" alt=\"\" \/>\t\t\t\t\t\t\t\t\t\t\t\t\t\t\t<\/div>\n\t\t\t\t<div class=\"elementor-element elementor-element-a32d946 elementor-widget elementor-widget-heading\" data-id=\"a32d946\" data-element_type=\"widget\" data-e-type=\"widget\" data-widget_type=\"heading.default\">\n\t\t\t\t\t<h4 class=\"elementor-heading-title elementor-size-default\"><span style=\"font-weight: normal\">Geben Sie jede beliebige Immobilienadresse auf der Welt ein, und erhalten Sie eine <\/span><\/h4>\t\t\t\t<\/div>\n\t\t\t\t<div class=\"elementor-element elementor-element-520ecbf elementor-widget__width-auto elementor-widget elementor-widget-heading\" data-id=\"520ecbf\" data-element_type=\"widget\" data-e-type=\"widget\" data-widget_type=\"heading.default\">\n\t\t\t\t\t<h2 class=\"elementor-heading-title elementor-size-default\">Sofortige Umsatzprognose <\/h2>\t\t\t\t<\/div>\n\t\t\t\t<div class=\"elementor-element elementor-element-98021ff elementor-widget-divider--view-line elementor-widget elementor-widget-divider\" data-id=\"98021ff\" data-element_type=\"widget\" data-e-type=\"widget\" data-widget_type=\"divider.default\">\n\t\t\t\t\t\t\t<div class=\"elementor-divider\">\n\t\t\t<span class=\"elementor-divider-separator\">\n\t\t\t\t\t\t<\/span>\n\t\t<\/div>\n\t\t\t\t\t\t<\/div>\n\t\t\t\t<div class=\"elementor-element elementor-element-6f37fcf elementor-widget__width-initial elementor-widget elementor-widget-heading\" data-id=\"6f37fcf\" data-element_type=\"widget\" data-e-type=\"widget\" data-widget_type=\"heading.default\">\n\t\t\t\t\t<h4 class=\"elementor-heading-title elementor-size-default\"><span style=\"font-weight: normal\">Verfeinern Sie Ihre Prognose mit pr\u00e4zisen Kartenstandorten und personalisierbaren Filtern f\u00fcr vergleichbare Unterk\u00fcnfte<\/span><\/h4>\t\t\t\t<\/div>\n\t\t\t\t\t<\/div>\n\t\t<\/div>\n\t\t\t\t\t<\/div>\n\t\t<\/section>\n\t\t\t\t\t<\/div>\n\t\t<\/div>\n\t\t\t\t<div class=\"elementor-column elementor-col-50 elementor-top-column elementor-element elementor-element-56c42c3 signup_height\" data-id=\"56c42c3\" data-element_type=\"column\" data-e-type=\"column\">\n\t\t\t<div class=\"elementor-widget-wrap elementor-element-populated\">\n\t\t\t\t\t\t<div class=\"elementor-element elementor-element-edca573 elementor-widget elementor-widget-heading\" data-id=\"edca573\" data-element_type=\"widget\" data-e-type=\"widget\" data-widget_type=\"heading.default\">\n\t\t\t\t\t<h1 class=\"elementor-heading-title elementor-size-default\">Beginnen Sie mit der Erstellung Ihres Kontos <\/h1>\t\t\t\t<\/div>\n\t\t\t\t<div class=\"elementor-element elementor-element-32e0f51 elementor-widget elementor-widget-text-editor\" data-id=\"32e0f51\" data-element_type=\"widget\" data-e-type=\"widget\" data-widget_type=\"text-editor.default\">\n\t\t\t\t\t\t\t\t\t<p>Keine Kreditkarten. Keine Bindungen <\/p>\n\t\t\t\t\t\t\t\t<\/div>\n\t\t\t\t<div class=\"elementor-element elementor-element-22da27f elementor-widget__width-inherit elementor-widget elementor-widget-html\" data-id=\"22da27f\" data-element_type=\"widget\" data-e-type=\"widget\" data-widget_type=\"html.default\">\n\t\t\t\t\t<div id=\"pricelabs-signup-widget-div\"><\/div> <script>     (function(){var e=document.head||document.getElementsByTagName(\"head\")[0];var s=document.createElement(\"script\");s.type=\"text\/javascript\",s.src=\"https:\/\/api.pricelabs.co\/widgets\/signup_widget?form_for=revenue_estimator\",e.appendChild(s)})() <\/script>\t\t\t\t<\/div>\n\t\t\t\t<div class=\"elementor-element elementor-element-5b3fd89 elementor-widget__width-inherit elementor-widget elementor-widget-text-editor\" data-id=\"5b3fd89\" data-element_type=\"widget\" data-e-type=\"widget\" data-widget_type=\"text-editor.default\">\n\t\t\t\t\t\t\t\t\t<p>Sind Sie bereits ein PriceLabs-Benutzer? <a class=\"waffle-rich-text-link\" href=\"https:\/\/pricelabs.co\/signin\" data-wpel-link=\"external\" target=\"_blank\" rel=\"external noopener noreferrer\">Anmelden<\/a><\/p>\n\t\t\t\t\t\t\t\t<\/div>\n\t\t\t\t<div class=\"elementor-element elementor-element-1ab6f2c elementor-widget__width-initial elementor-hidden-desktop elementor-hidden-tablet elementor-hidden-mobile elementor-widget elementor-widget-text-editor\" data-id=\"1ab6f2c\" data-element_type=\"widget\" data-e-type=\"widget\" data-widget_type=\"text-editor.default\">\n\t\t\t\t\t\t\t\t\t<p>Beim Erstellen eines Kontos stimmen Sie automatisch den <a class=\"waffle-rich-text-link\" href=\"https:\/\/hello.pricelabs.co\/tandc\/\" data-wpel-link=\"external\" target=\"_blank\" rel=\"external noopener noreferrer\">Nutzungsbedingungen<\/a> und der <a class=\"waffle-rich-text-link\" href=\"https:\/\/hello.pricelabs.co\/privacy-policy\/\" data-wpel-link=\"external\" target=\"_blank\" rel=\"external noopener noreferrer\">Datenschutzrichtlinie<\/a> von PriceLabs zu.<\/p>\n\t\t\t\t\t\t\t\t<\/div>\n\t\t\t\t\t<\/div>\n\t\t<\/div>\n\t\t\t\t\t<\/div>\n\t\t<\/section>\n\t\t\t\t<\/div>\n\t\t","protected":false},"excerpt":{"rendered":"<p>Geben Sie jede beliebige Immobilienadresse auf der Welt ein, und erhalten Sie eine Sofortige Umsatzprognose Verfeinern Sie Ihre Prognose mit pr\u00e4zisen Kartenstandorten und personalisierbaren Filtern f\u00fcr vergleichbare Unterk\u00fcnfte Beginnen Sie mit der Erstellung Ihres Kontos Keine Kreditkarten. Keine Bindungen Sind Sie bereits ein PriceLabs-Benutzer? Anmelden Beim Erstellen eines Kontos stimmen Sie automatisch den Nutzungsbedingungen und [&hellip;]<\/p>\n","protected":false},"author":20,"featured_media":77400,"parent":0,"menu_order":0,"comment_status":"closed","ping_status":"closed","template":"elementor_canvas","meta":{"_acf_changed":false,"_yoast_wpseo_title":"Melden Sie sich f\u00fcr Revenue Estimator Pro an | PriceLabs","_yoast_wpseo_metadesc":"","om_disable_all_campaigns":false,"inline_featured_image":false,"_lmt_disableupdate":"","_lmt_disable":"","site-sidebar-layout":"no-sidebar","site-content-layout":"page-builder","ast-site-content-layout":"full-width-container","site-content-style":"unboxed","site-sidebar-style":"unboxed","ast-global-header-display":"","ast-banner-title-visibility":"","ast-main-header-display":"","ast-hfb-above-header-display":"","ast-hfb-below-header-display":"","ast-hfb-mobile-header-display":"","site-post-title":"disabled","ast-breadcrumbs-content":"","ast-featured-img":"disabled","footer-sml-layout":"","ast-disable-related-posts":"","theme-transparent-header-meta":"default","adv-header-id-meta":"","stick-header-meta":"","header-above-stick-meta":"","header-main-stick-meta":"","header-below-stick-meta":"","astra-migrate-meta-layouts":"set","ast-page-background-enabled":"default","ast-page-background-meta":{"desktop":{"background-color":"","background-image":"","background-repeat":"repeat","background-position":"center center","background-size":"auto","background-attachment":"scroll","background-type":"","background-media":"","overlay-type":"","overlay-color":"","overlay-opacity":"","overlay-gradient":""},"tablet":{"background-color":"","background-image":"","background-repeat":"repeat","background-position":"center center","background-size":"auto","background-attachment":"scroll","background-type":"","background-media":"","overlay-type":"","overlay-color":"","overlay-opacity":"","overlay-gradient":""},"mobile":{"background-color":"","background-image":"","background-repeat":"repeat","background-position":"center center","background-size":"auto","background-attachment":"scroll","background-type":"","background-media":"","overlay-type":"","overlay-color":"","overlay-opacity":"","overlay-gradient":""}},"ast-content-background-meta":{"desktop":{"background-color":"var(--ast-global-color-5)","background-image":"","background-repeat":"repeat","background-position":"center center","background-size":"auto","background-attachment":"scroll","background-type":"","background-media":"","overlay-type":"","overlay-color":"","overlay-opacity":"","overlay-gradient":""},"tablet":{"background-color":"var(--ast-global-color-5)","background-image":"","background-repeat":"repeat","background-position":"center center","background-size":"auto","background-attachment":"scroll","background-type":"","background-media":"","overlay-type":"","overlay-color":"","overlay-opacity":"","overlay-gradient":""},"mobile":{"background-color":"var(--ast-global-color-5)","background-image":"","background-repeat":"repeat","background-position":"center center","background-size":"auto","background-attachment":"scroll","background-type":"","background-media":"","overlay-type":"","overlay-color":"","overlay-opacity":"","overlay-gradient":""}},"footnotes":""},"class_list":["post-52992","page","type-page","status-publish","has-post-thumbnail","hentry"],"acf":[],"yoast_head":"<!-- This site is optimized with the Yoast SEO Premium plugin v22.8 (Yoast SEO v27.2) - https:\/\/yoast.com\/product\/yoast-seo-premium-wordpress\/ -->\n<title>Melden Sie sich f\u00fcr Revenue Estimator Pro an | PriceLabs<\/title>\n<meta name=\"description\" content=\"Geben Sie jede beliebige Immobilienadresse auf der Welt ein, und erhalten Sie eine Sofortige Umsatzprognose Verfeinern Sie Ihre Prognose mit pr\u00e4zisen\" \/>\n<meta name=\"robots\" content=\"index, follow, max-snippet:-1, max-image-preview:large, max-video-preview:-1\" \/>\n<link rel=\"canonical\" href=\"https:\/\/hello.pricelabs.co\/de\/signup-revenue-estimator-pro\/\" \/>\n<meta property=\"og:locale\" content=\"de_DE\" \/>\n<meta property=\"og:type\" content=\"article\" \/>\n<meta property=\"og:title\" content=\"Revenue Estimator Pro Anmelden\" \/>\n<meta property=\"og:description\" content=\"Geben Sie jede beliebige Immobilienadresse auf der Welt ein, und erhalten Sie eine Sofortige Umsatzprognose Verfeinern Sie Ihre Prognose mit pr\u00e4zisen\" \/>\n<meta property=\"og:url\" content=\"https:\/\/hello.pricelabs.co\/de\/signup-revenue-estimator-pro\/\" \/>\n<meta property=\"og:site_name\" content=\"PriceLabs\" \/>\n<meta property=\"article:publisher\" content=\"https:\/\/www.facebook.com\/PriceLabs1\/\" \/>\n<meta property=\"article:modified_time\" content=\"2025-06-12T07:12:57+00:00\" \/>\n<meta name=\"twitter:card\" content=\"summary_large_image\" \/>\n<meta name=\"twitter:site\" content=\"@Price_Labs\" \/>\n<meta name=\"twitter:label1\" content=\"Gesch\u00e4tzte Lesezeit\" \/>\n\t<meta name=\"twitter:data1\" content=\"1\u00a0Minute\" \/>\n<script type=\"application\/ld+json\" class=\"yoast-schema-graph\">{\"@context\":\"https:\/\/schema.org\",\"@graph\":[{\"@type\":\"WebPage\",\"@id\":\"https:\/\/hello.pricelabs.co\/de\/signup-revenue-estimator-pro\/\",\"url\":\"https:\/\/hello.pricelabs.co\/de\/signup-revenue-estimator-pro\/\",\"name\":\"Melden Sie sich f\u00fcr Revenue Estimator Pro an | PriceLabs\",\"isPartOf\":{\"@id\":\"https:\/\/hello.pricelabs.co\/de\/#website\"},\"primaryImageOfPage\":{\"@id\":\"https:\/\/hello.pricelabs.co\/de\/signup-revenue-estimator-pro\/#primaryimage\"},\"image\":{\"@id\":\"https:\/\/hello.pricelabs.co\/de\/signup-revenue-estimator-pro\/#primaryimage\"},\"thumbnailUrl\":\"https:\/\/hello.pricelabs.co\/wp-content\/uploads\/2023\/11\/Estimates-new-icon.svg\",\"datePublished\":\"2024-10-03T12:03:43+00:00\",\"dateModified\":\"2025-06-12T07:12:57+00:00\",\"description\":\"Geben Sie jede beliebige Immobilienadresse auf der Welt ein, und erhalten Sie eine Sofortige Umsatzprognose Verfeinern Sie Ihre Prognose mit pr\u00e4zisen\",\"breadcrumb\":{\"@id\":\"https:\/\/hello.pricelabs.co\/de\/signup-revenue-estimator-pro\/#breadcrumb\"},\"inLanguage\":\"de\",\"potentialAction\":[{\"@type\":\"ReadAction\",\"target\":[\"https:\/\/hello.pricelabs.co\/de\/signup-revenue-estimator-pro\/\"]}]},{\"@type\":\"ImageObject\",\"inLanguage\":\"de\",\"@id\":\"https:\/\/hello.pricelabs.co\/de\/signup-revenue-estimator-pro\/#primaryimage\",\"url\":\"https:\/\/hello.pricelabs.co\/wp-content\/uploads\/2023\/11\/Estimates-new-icon.svg\",\"contentUrl\":\"https:\/\/hello.pricelabs.co\/wp-content\/uploads\/2023\/11\/Estimates-new-icon.svg\",\"width\":30,\"height\":30,\"caption\":\"Estimates icon\"},{\"@type\":\"BreadcrumbList\",\"@id\":\"https:\/\/hello.pricelabs.co\/de\/signup-revenue-estimator-pro\/#breadcrumb\",\"itemListElement\":[{\"@type\":\"ListItem\",\"position\":1,\"name\":\"Home\",\"item\":\"https:\/\/hello.pricelabs.co\/de\/\"},{\"@type\":\"ListItem\",\"position\":2,\"name\":\"Revenue Estimator Pro Anmelden\"}]},{\"@type\":\"WebSite\",\"@id\":\"https:\/\/hello.pricelabs.co\/de\/#website\",\"url\":\"https:\/\/hello.pricelabs.co\/de\/\",\"name\":\"PriceLabs\",\"description\":\"\",\"publisher\":{\"@id\":\"https:\/\/hello.pricelabs.co\/de\/#organization\"},\"potentialAction\":[{\"@type\":\"SearchAction\",\"target\":{\"@type\":\"EntryPoint\",\"urlTemplate\":\"https:\/\/hello.pricelabs.co\/de\/?s={search_term_string}\"},\"query-input\":{\"@type\":\"PropertyValueSpecification\",\"valueRequired\":true,\"valueName\":\"search_term_string\"}}],\"inLanguage\":\"de\"},{\"@type\":\"Organization\",\"@id\":\"https:\/\/hello.pricelabs.co\/de\/#organization\",\"name\":\"Pricelabs\",\"url\":\"https:\/\/hello.pricelabs.co\/de\/\",\"logo\":{\"@type\":\"ImageObject\",\"inLanguage\":\"de\",\"@id\":\"https:\/\/hello.pricelabs.co\/de\/#\/schema\/logo\/image\/\",\"url\":\"https:\/\/hello.pricelabs.co\/wp-content\/uploads\/2023\/09\/cropped-Pricelabs-Logo-element.png\",\"contentUrl\":\"https:\/\/hello.pricelabs.co\/wp-content\/uploads\/2023\/09\/cropped-Pricelabs-Logo-element.png\",\"width\":512,\"height\":512,\"caption\":\"Pricelabs\"},\"image\":{\"@id\":\"https:\/\/hello.pricelabs.co\/de\/#\/schema\/logo\/image\/\"},\"sameAs\":[\"https:\/\/www.facebook.com\/PriceLabs1\/\",\"https:\/\/x.com\/Price_Labs\",\"https:\/\/www.linkedin.com\/company\/pricelabs\/\"]}]}<\/script>\n<!-- \/ Yoast SEO Premium plugin. -->","yoast_head_json":{"title":"Melden Sie sich f\u00fcr Revenue Estimator Pro an | PriceLabs","description":"Geben Sie jede beliebige Immobilienadresse auf der Welt ein, und erhalten Sie eine Sofortige Umsatzprognose Verfeinern Sie Ihre Prognose mit pr\u00e4zisen","robots":{"index":"index","follow":"follow","max-snippet":"max-snippet:-1","max-image-preview":"max-image-preview:large","max-video-preview":"max-video-preview:-1"},"canonical":"https:\/\/hello.pricelabs.co\/de\/signup-revenue-estimator-pro\/","og_locale":"de_DE","og_type":"article","og_title":"Revenue Estimator Pro Anmelden","og_description":"Geben Sie jede beliebige Immobilienadresse auf der Welt ein, und erhalten Sie eine Sofortige Umsatzprognose Verfeinern Sie Ihre Prognose mit pr\u00e4zisen","og_url":"https:\/\/hello.pricelabs.co\/de\/signup-revenue-estimator-pro\/","og_site_name":"PriceLabs","article_publisher":"https:\/\/www.facebook.com\/PriceLabs1\/","article_modified_time":"2025-06-12T07:12:57+00:00","twitter_card":"summary_large_image","twitter_site":"@Price_Labs","twitter_misc":{"Gesch\u00e4tzte Lesezeit":"1\u00a0Minute"},"schema":{"@context":"https:\/\/schema.org","@graph":[{"@type":"WebPage","@id":"https:\/\/hello.pricelabs.co\/de\/signup-revenue-estimator-pro\/","url":"https:\/\/hello.pricelabs.co\/de\/signup-revenue-estimator-pro\/","name":"Melden Sie sich f\u00fcr Revenue Estimator Pro an | PriceLabs","isPartOf":{"@id":"https:\/\/hello.pricelabs.co\/de\/#website"},"primaryImageOfPage":{"@id":"https:\/\/hello.pricelabs.co\/de\/signup-revenue-estimator-pro\/#primaryimage"},"image":{"@id":"https:\/\/hello.pricelabs.co\/de\/signup-revenue-estimator-pro\/#primaryimage"},"thumbnailUrl":"https:\/\/hello.pricelabs.co\/wp-content\/uploads\/2023\/11\/Estimates-new-icon.svg","datePublished":"2024-10-03T12:03:43+00:00","dateModified":"2025-06-12T07:12:57+00:00","description":"Geben Sie jede beliebige Immobilienadresse auf der Welt ein, und erhalten Sie eine Sofortige Umsatzprognose Verfeinern Sie Ihre Prognose mit pr\u00e4zisen","breadcrumb":{"@id":"https:\/\/hello.pricelabs.co\/de\/signup-revenue-estimator-pro\/#breadcrumb"},"inLanguage":"de","potentialAction":[{"@type":"ReadAction","target":["https:\/\/hello.pricelabs.co\/de\/signup-revenue-estimator-pro\/"]}]},{"@type":"ImageObject","inLanguage":"de","@id":"https:\/\/hello.pricelabs.co\/de\/signup-revenue-estimator-pro\/#primaryimage","url":"https:\/\/hello.pricelabs.co\/wp-content\/uploads\/2023\/11\/Estimates-new-icon.svg","contentUrl":"https:\/\/hello.pricelabs.co\/wp-content\/uploads\/2023\/11\/Estimates-new-icon.svg","width":30,"height":30,"caption":"Estimates icon"},{"@type":"BreadcrumbList","@id":"https:\/\/hello.pricelabs.co\/de\/signup-revenue-estimator-pro\/#breadcrumb","itemListElement":[{"@type":"ListItem","position":1,"name":"Home","item":"https:\/\/hello.pricelabs.co\/de\/"},{"@type":"ListItem","position":2,"name":"Revenue Estimator Pro Anmelden"}]},{"@type":"WebSite","@id":"https:\/\/hello.pricelabs.co\/de\/#website","url":"https:\/\/hello.pricelabs.co\/de\/","name":"PriceLabs","description":"","publisher":{"@id":"https:\/\/hello.pricelabs.co\/de\/#organization"},"potentialAction":[{"@type":"SearchAction","target":{"@type":"EntryPoint","urlTemplate":"https:\/\/hello.pricelabs.co\/de\/?s={search_term_string}"},"query-input":{"@type":"PropertyValueSpecification","valueRequired":true,"valueName":"search_term_string"}}],"inLanguage":"de"},{"@type":"Organization","@id":"https:\/\/hello.pricelabs.co\/de\/#organization","name":"Pricelabs","url":"https:\/\/hello.pricelabs.co\/de\/","logo":{"@type":"ImageObject","inLanguage":"de","@id":"https:\/\/hello.pricelabs.co\/de\/#\/schema\/logo\/image\/","url":"https:\/\/hello.pricelabs.co\/wp-content\/uploads\/2023\/09\/cropped-Pricelabs-Logo-element.png","contentUrl":"https:\/\/hello.pricelabs.co\/wp-content\/uploads\/2023\/09\/cropped-Pricelabs-Logo-element.png","width":512,"height":512,"caption":"Pricelabs"},"image":{"@id":"https:\/\/hello.pricelabs.co\/de\/#\/schema\/logo\/image\/"},"sameAs":["https:\/\/www.facebook.com\/PriceLabs1\/","https:\/\/x.com\/Price_Labs","https:\/\/www.linkedin.com\/company\/pricelabs\/"]}]}},"_links":{"self":[{"href":"https:\/\/hello.pricelabs.co\/de\/wp-json\/wp\/v2\/pages\/52992","targetHints":{"allow":["GET"]}}],"collection":[{"href":"https:\/\/hello.pricelabs.co\/de\/wp-json\/wp\/v2\/pages"}],"about":[{"href":"https:\/\/hello.pricelabs.co\/de\/wp-json\/wp\/v2\/types\/page"}],"author":[{"embeddable":true,"href":"https:\/\/hello.pricelabs.co\/de\/wp-json\/wp\/v2\/users\/20"}],"replies":[{"embeddable":true,"href":"https:\/\/hello.pricelabs.co\/de\/wp-json\/wp\/v2\/comments?post=52992"}],"version-history":[{"count":0,"href":"https:\/\/hello.pricelabs.co\/de\/wp-json\/wp\/v2\/pages\/52992\/revisions"}],"wp:featuredmedia":[{"embeddable":true,"href":"https:\/\/hello.pricelabs.co\/de\/wp-json\/wp\/v2\/media\/77400"}],"wp:attachment":[{"href":"https:\/\/hello.pricelabs.co\/de\/wp-json\/wp\/v2\/media?parent=52992"}],"curies":[{"name":"wp","href":"https:\/\/api.w.org\/{rel}","templated":true}]}}