{"id":20287,"date":"2023-07-19T07:23:11","date_gmt":"2023-07-19T07:23:11","guid":{"rendered":"https:\/\/hello.pricelabs.co\/?page_id=20287"},"modified":"2026-01-15T09:34:36","modified_gmt":"2026-01-15T09:34:36","slug":"signup","status":"publish","type":"page","link":"https:\/\/hello.pricelabs.co\/es\/signup\/","title":{"rendered":"Signup"},"content":{"rendered":"\t\t<div data-elementor-type=\"wp-page\" data-elementor-id=\"20287\" class=\"elementor elementor-20287 elementor-14751\" wpc-filter-elementor-widget=\"1\" data-elementor-post-type=\"page\">\n\t\t\t\t\t\t<section class=\"elementor-section elementor-top-section elementor-element elementor-element-b1b20a2 elementor-section-full_width elementor-section-height-full signup_width elementor-section-height-default elementor-section-items-middle\" data-id=\"b1b20a2\" data-element_type=\"section\" data-e-type=\"section\">\n\t\t\t\t\t\t<div class=\"elementor-container elementor-column-gap-no\">\n\t\t\t\t\t<div class=\"elementor-column elementor-col-50 elementor-top-column elementor-element elementor-element-4671970 elementor-hidden-mobile signup_height elementor-hidden-tablet\" data-id=\"4671970\" data-element_type=\"column\" data-e-type=\"column\" data-settings=\"{&quot;background_background&quot;:&quot;classic&quot;}\">\n\t\t\t<div class=\"elementor-widget-wrap elementor-element-populated\">\n\t\t\t\t<div class=\"elementor-element elementor-element-63ce2c3 e-con-full elementor-hidden-mobile e-flex e-con e-child\" data-id=\"63ce2c3\" data-element_type=\"container\" data-e-type=\"container\" data-settings=\"{&quot;background_background&quot;:&quot;classic&quot;}\">\n\t\t\t\t<div class=\"elementor-element elementor-element-e14a867 elementor-widget elementor-widget-image\" data-id=\"e14a867\" data-element_type=\"widget\" data-e-type=\"widget\" data-widget_type=\"image.default\">\n\t\t\t\t\t\t\t\t\t\t\t\t\t\t\t<img decoding=\"async\" width=\"164\" height=\"43\" src=\"https:\/\/hello.pricelabs.co\/wp-content\/uploads\/2023\/06\/Horizontal-_-White-1.svg\" class=\"attachment-full size-full wp-image-19216\" alt=\"\" \/>\t\t\t\t\t\t\t\t\t\t\t\t\t\t\t<\/div>\n\t\t\t\t<div class=\"elementor-element elementor-element-e1d6a2c elementor-widget__width-initial elementor-widget elementor-widget-text-editor\" data-id=\"e1d6a2c\" data-element_type=\"widget\" data-e-type=\"widget\" data-widget_type=\"text-editor.default\">\n\t\t\t\t\t\t\t\t\tActualizaciones autom\u00e1ticas y en tiempo real de precios que simplifican la gesti\u00f3n de ingresos para anfitriones y administradores de propiedades.\n\t\t\t\t\t\t\t\t<\/div>\n\t\t\t\t<div class=\"elementor-element elementor-element-0428f60 elementor-widget__width-initial elementor-widget elementor-widget-heading\" data-id=\"0428f60\" data-element_type=\"widget\" data-e-type=\"widget\" data-widget_type=\"heading.default\">\n\t\t\t\t\t<h2 class=\"elementor-heading-title elementor-size-default\">Optimiza tus ingresos con <\/br>Dynamic Pricing\n<\/h2>\t\t\t\t<\/div>\n\t\t\t\t<div class=\"elementor-element elementor-element-3d752fb elementor-widget__width-initial ffq elementor-widget elementor-widget-n-accordion\" data-id=\"3d752fb\" data-element_type=\"widget\" data-e-type=\"widget\" data-settings=\"{&quot;default_state&quot;:&quot;all_collapsed&quot;,&quot;max_items_expended&quot;:&quot;one&quot;,&quot;n_accordion_animation_duration&quot;:{&quot;unit&quot;:&quot;ms&quot;,&quot;size&quot;:400,&quot;sizes&quot;:[]}}\" data-widget_type=\"nested-accordion.default\">\n\t\t\t\t\t\t\t<div class=\"e-n-accordion\" aria-label=\"Accordion. Open links with Enter or Space, close with Escape, and navigate with Arrow Keys\">\n\t\t\t\t\t\t<details id=\"e-n-accordion-item-6440\" class=\"e-n-accordion-item\" >\n\t\t\t\t<summary class=\"e-n-accordion-item-title\" data-accordion-index=\"1\" tabindex=\"0\" aria-expanded=\"false\" aria-controls=\"e-n-accordion-item-6440\" >\n\t\t\t\t\t<span class='e-n-accordion-item-title-header'><div class=\"e-n-accordion-item-title-text\"> \u00bfQu\u00e9 puedes esperar? <\/div><\/span>\n\t\t\t\t\t\t\t<span class='e-n-accordion-item-title-icon'>\n\t\t\t<span class='e-opened' ><svg aria-hidden=\"true\" class=\"e-font-icon-svg e-fas-angle-up\" viewBox=\"0 0 320 512\" xmlns=\"http:\/\/www.w3.org\/2000\/svg\"><path d=\"M177 159.7l136 136c9.4 9.4 9.4 24.6 0 33.9l-22.6 22.6c-9.4 9.4-24.6 9.4-33.9 0L160 255.9l-96.4 96.4c-9.4 9.4-24.6 9.4-33.9 0L7 329.7c-9.4-9.4-9.4-24.6 0-33.9l136-136c9.4-9.5 24.6-9.5 34-.1z\"><\/path><\/svg><\/span>\n\t\t\t<span class='e-closed'><svg aria-hidden=\"true\" class=\"e-font-icon-svg e-fas-angle-down\" viewBox=\"0 0 320 512\" xmlns=\"http:\/\/www.w3.org\/2000\/svg\"><path d=\"M143 352.3L7 216.3c-9.4-9.4-9.4-24.6 0-33.9l22.6-22.6c9.4-9.4 24.6-9.4 33.9 0l96.4 96.4 96.4-96.4c9.4-9.4 24.6-9.4 33.9 0l22.6 22.6c9.4 9.4 9.4 24.6 0 33.9l-136 136c-9.2 9.4-24.4 9.4-33.8 0z\"><\/path><\/svg><\/span>\n\t\t<\/span>\n\n\t\t\t\t\t\t<\/summary>\n\t\t\t\t<div role=\"region\" aria-labelledby=\"e-n-accordion-item-6440\" class=\"elementor-element elementor-element-d2a3fdd e-con-full e-flex e-con e-child\" data-id=\"d2a3fdd\" data-element_type=\"container\" data-e-type=\"container\">\n\t\t<div role=\"region\" aria-labelledby=\"e-n-accordion-item-6440\" class=\"elementor-element elementor-element-6b56450 e-con-full e-flex e-con e-child\" data-id=\"6b56450\" data-element_type=\"container\" data-e-type=\"container\">\n\t\t\t\t<div class=\"elementor-element elementor-element-1259fb5 elementor-icon-list--layout-traditional elementor-list-item-link-full_width elementor-widget elementor-widget-icon-list\" data-id=\"1259fb5\" data-element_type=\"widget\" data-e-type=\"widget\" data-widget_type=\"icon-list.default\">\n\t\t\t\t\t\t\t<ul class=\"elementor-icon-list-items\">\n\t\t\t\t\t\t\t<li class=\"elementor-icon-list-item\">\n\t\t\t\t\t\t\t\t\t\t\t<span class=\"elementor-icon-list-icon\">\n\t\t\t\t\t\t\t<svg aria-hidden=\"true\" class=\"e-font-icon-svg e-fas-check\" viewBox=\"0 0 512 512\" xmlns=\"http:\/\/www.w3.org\/2000\/svg\"><path d=\"M173.898 439.404l-166.4-166.4c-9.997-9.997-9.997-26.206 0-36.204l36.203-36.204c9.997-9.998 26.207-9.998 36.204 0L192 312.69 432.095 72.596c9.997-9.997 26.207-9.997 36.204 0l36.203 36.204c9.997 9.997 9.997 26.206 0 36.204l-294.4 294.401c-9.998 9.997-26.207 9.997-36.204-.001z\"><\/path><\/svg>\t\t\t\t\t\t<\/span>\n\t\t\t\t\t\t\t\t\t\t<span class=\"elementor-icon-list-text\">Recomendaciones de precios inteligentes, basadas en datos reales de listados cercanos.<\/span>\n\t\t\t\t\t\t\t\t\t<\/li>\n\t\t\t\t\t\t\t\t<li class=\"elementor-icon-list-item\">\n\t\t\t\t\t\t\t\t\t\t\t<span class=\"elementor-icon-list-icon\">\n\t\t\t\t\t\t\t<svg aria-hidden=\"true\" class=\"e-font-icon-svg e-fas-check\" viewBox=\"0 0 512 512\" xmlns=\"http:\/\/www.w3.org\/2000\/svg\"><path d=\"M173.898 439.404l-166.4-166.4c-9.997-9.997-9.997-26.206 0-36.204l36.203-36.204c9.997-9.998 26.207-9.998 36.204 0L192 312.69 432.095 72.596c9.997-9.997 26.207-9.997 36.204 0l36.203 36.204c9.997 9.997 9.997 26.206 0 36.204l-294.4 294.401c-9.998 9.997-26.207 9.997-36.204-.001z\"><\/path><\/svg>\t\t\t\t\t\t<\/span>\n\t\t\t\t\t\t\t\t\t\t<span class=\"elementor-icon-list-text\">Ahorra tiempo y mantente competitivo con actualizaciones diarias basadas en el mercado.<\/span>\n\t\t\t\t\t\t\t\t\t<\/li>\n\t\t\t\t\t\t\t\t<li class=\"elementor-icon-list-item\">\n\t\t\t\t\t\t\t\t\t\t\t<span class=\"elementor-icon-list-icon\">\n\t\t\t\t\t\t\t<svg aria-hidden=\"true\" class=\"e-font-icon-svg e-fas-check\" viewBox=\"0 0 512 512\" xmlns=\"http:\/\/www.w3.org\/2000\/svg\"><path d=\"M173.898 439.404l-166.4-166.4c-9.997-9.997-9.997-26.206 0-36.204l36.203-36.204c9.997-9.998 26.207-9.998 36.204 0L192 312.69 432.095 72.596c9.997-9.997 26.207-9.997 36.204 0l36.203 36.204c9.997 9.997 9.997 26.206 0 36.204l-294.4 294.401c-9.998 9.997-26.207 9.997-36.204-.001z\"><\/path><\/svg>\t\t\t\t\t\t<\/span>\n\t\t\t\t\t\t\t\t\t\t<span class=\"elementor-icon-list-text\">Gestiona todos tus listados desde un solo dashboard f\u00e1cil de usar.<\/span>\n\t\t\t\t\t\t\t\t\t<\/li>\n\t\t\t\t\t\t\t\t<li class=\"elementor-icon-list-item\">\n\t\t\t\t\t\t\t\t\t\t\t<span class=\"elementor-icon-list-icon\">\n\t\t\t\t\t\t\t<svg aria-hidden=\"true\" class=\"e-font-icon-svg e-fas-check\" viewBox=\"0 0 512 512\" xmlns=\"http:\/\/www.w3.org\/2000\/svg\"><path d=\"M173.898 439.404l-166.4-166.4c-9.997-9.997-9.997-26.206 0-36.204l36.203-36.204c9.997-9.998 26.207-9.998 36.204 0L192 312.69 432.095 72.596c9.997-9.997 26.207-9.997 36.204 0l36.203 36.204c9.997 9.997 9.997 26.206 0 36.204l-294.4 294.401c-9.998 9.997-26.207 9.997-36.204-.001z\"><\/path><\/svg>\t\t\t\t\t\t<\/span>\n\t\t\t\t\t\t\t\t\t\t<span class=\"elementor-icon-list-text\">Agrega y ajusta listados con solo unos clics.<\/span>\n\t\t\t\t\t\t\t\t\t<\/li>\n\t\t\t\t\t\t\t\t<li class=\"elementor-icon-list-item\">\n\t\t\t\t\t\t\t\t\t\t\t<span class=\"elementor-icon-list-icon\">\n\t\t\t\t\t\t\t<svg aria-hidden=\"true\" class=\"e-font-icon-svg e-fas-check\" viewBox=\"0 0 512 512\" xmlns=\"http:\/\/www.w3.org\/2000\/svg\"><path d=\"M173.898 439.404l-166.4-166.4c-9.997-9.997-9.997-26.206 0-36.204l36.203-36.204c9.997-9.998 26.207-9.998 36.204 0L192 312.69 432.095 72.596c9.997-9.997 26.207-9.997 36.204 0l36.203 36.204c9.997 9.997 9.997 26.206 0 36.204l-294.4 294.401c-9.998 9.997-26.207 9.997-36.204-.001z\"><\/path><\/svg>\t\t\t\t\t\t<\/span>\n\t\t\t\t\t\t\t\t\t\t<span class=\"elementor-icon-list-text\">Comienza r\u00e1pido con una configuraci\u00f3n guiada y soporte \u00fatil.<\/span>\n\t\t\t\t\t\t\t\t\t<\/li>\n\t\t\t\t\t\t<\/ul>\n\t\t\t\t\t\t<\/div>\n\t\t\t\t<\/div>\n\t\t\t\t<\/div>\n\t\t\t\t\t<\/details>\n\t\t\t\t\t<\/div>\n\t\t\t\t\t\t<\/div>\n\t\t\t\t<\/div>\n\t\t\t\t\t<\/div>\n\t\t<\/div>\n\t\t\t\t<div class=\"elementor-column elementor-col-50 elementor-top-column elementor-element elementor-element-e7f4753 signup_height\" data-id=\"e7f4753\" data-element_type=\"column\" data-e-type=\"column\">\n\t\t\t<div class=\"elementor-widget-wrap elementor-element-populated\">\n\t\t\t\t\t\t<div class=\"elementor-element elementor-element-58f0b5d elementor-widget elementor-widget-heading\" data-id=\"58f0b5d\" data-element_type=\"widget\" data-e-type=\"widget\" data-widget_type=\"heading.default\">\n\t\t\t\t\t<h1 class=\"elementor-heading-title elementor-size-default\">Inicia tu prueba gratuita de 30 d\u00edas<\/h1>\t\t\t\t<\/div>\n\t\t\t\t<div class=\"elementor-element elementor-element-2ca6190 elementor-widget elementor-widget-text-editor\" data-id=\"2ca6190\" data-element_type=\"widget\" data-e-type=\"widget\" data-widget_type=\"text-editor.default\">\n\t\t\t\t\t\t\t\t\t<p>Sin tarjetas de cr\u00e9dito. Sin compromiso.<\/p>\t\t\t\t\t\t\t\t<\/div>\n\t\t\t\t<div class=\"elementor-element elementor-element-7e7dbf8 elementor-widget__width-inherit elementor-widget elementor-widget-html\" data-id=\"7e7dbf8\" data-element_type=\"widget\" data-e-type=\"widget\" data-widget_type=\"html.default\">\n\t\t\t\t\t<div id=\"pricelabs-signup-widget-div\"><\/div>\n<script>\n(function(){var e=document.head||document.getElementsByTagName(\"head\")[0];var s=document.createElement(\"script\");s.type=\"text\/javascript\";s.src=\"https:\/\/api.pricelabs.co\/widgets\/signup_widget?show_phone_number_field=true\";s.async=true;s.setAttribute(\"nowprocket\", \"\");e.appendChild(s)})()<\/script>\t\t\t\t<\/div>\n\t\t\t\t<div class=\"elementor-element elementor-element-f27f906 elementor-widget__width-inherit elementor-widget elementor-widget-text-editor\" data-id=\"f27f906\" data-element_type=\"widget\" data-e-type=\"widget\" data-widget_type=\"text-editor.default\">\n\t\t\t\t\t\t\t\t\t<p>\u00bfYa eres usuario de PriceLabs? <strong><a class=\"waffle-rich-text-link\" href=\"https:\/\/pricelabs.co\/signin\" data-wpel-link=\"external\" target=\"_blank\" rel=\"external noopener noreferrer\">Inicia sesi\u00f3n<\/a><\/strong><\/p>\t\t\t\t\t\t\t\t<\/div>\n\t\t\t\t\t<\/div>\n\t\t<\/div>\n\t\t\t\t\t<\/div>\n\t\t<\/section>\n\t\t\t\t<\/div>\n\t\t","protected":false},"excerpt":{"rendered":"<p>Actualizaciones autom\u00e1ticas y en tiempo real de precios que simplifican la gesti\u00f3n de ingresos para anfitriones y administradores de propiedades. Optimiza tus ingresos con Dynamic Pricing \u00bfQu\u00e9 puedes esperar? Recomendaciones de precios inteligentes, basadas en datos reales de listados cercanos. Ahorra tiempo y mantente competitivo con actualizaciones diarias basadas en el mercado. Gestiona todos tus [&hellip;]<\/p>\n","protected":false},"author":20,"featured_media":77264,"parent":0,"menu_order":0,"comment_status":"closed","ping_status":"closed","template":"elementor_canvas","meta":{"_acf_changed":false,"_yoast_wpseo_title":"%%title%% %%page%% %%sep%% %%sitename%% Spanish","_yoast_wpseo_metadesc":"","om_disable_all_campaigns":false,"inline_featured_image":false,"_lmt_disableupdate":"","_lmt_disable":"","site-sidebar-layout":"no-sidebar","site-content-layout":"page-builder","ast-site-content-layout":"full-width-container","site-content-style":"unboxed","site-sidebar-style":"unboxed","ast-global-header-display":"","ast-banner-title-visibility":"","ast-main-header-display":"","ast-hfb-above-header-display":"","ast-hfb-below-header-display":"","ast-hfb-mobile-header-display":"","site-post-title":"disabled","ast-breadcrumbs-content":"","ast-featured-img":"disabled","footer-sml-layout":"","ast-disable-related-posts":"","theme-transparent-header-meta":"default","adv-header-id-meta":"","stick-header-meta":"","header-above-stick-meta":"","header-main-stick-meta":"","header-below-stick-meta":"","astra-migrate-meta-layouts":"set","ast-page-background-enabled":"default","ast-page-background-meta":{"desktop":{"background-color":"","background-image":"","background-repeat":"repeat","background-position":"center center","background-size":"auto","background-attachment":"scroll","background-type":"","background-media":"","overlay-type":"","overlay-color":"","overlay-opacity":"","overlay-gradient":""},"tablet":{"background-color":"","background-image":"","background-repeat":"repeat","background-position":"center center","background-size":"auto","background-attachment":"scroll","background-type":"","background-media":"","overlay-type":"","overlay-color":"","overlay-opacity":"","overlay-gradient":""},"mobile":{"background-color":"","background-image":"","background-repeat":"repeat","background-position":"center center","background-size":"auto","background-attachment":"scroll","background-type":"","background-media":"","overlay-type":"","overlay-color":"","overlay-opacity":"","overlay-gradient":""}},"ast-content-background-meta":{"desktop":{"background-color":"var(--ast-global-color-5)","background-image":"","background-repeat":"repeat","background-position":"center center","background-size":"auto","background-attachment":"scroll","background-type":"","background-media":"","overlay-type":"","overlay-color":"","overlay-opacity":"","overlay-gradient":""},"tablet":{"background-color":"var(--ast-global-color-5)","background-image":"","background-repeat":"repeat","background-position":"center center","background-size":"auto","background-attachment":"scroll","background-type":"","background-media":"","overlay-type":"","overlay-color":"","overlay-opacity":"","overlay-gradient":""},"mobile":{"background-color":"var(--ast-global-color-5)","background-image":"","background-repeat":"repeat","background-position":"center center","background-size":"auto","background-attachment":"scroll","background-type":"","background-media":"","overlay-type":"","overlay-color":"","overlay-opacity":"","overlay-gradient":""}},"footnotes":""},"class_list":["post-20287","page","type-page","status-publish","has-post-thumbnail","hentry"],"acf":[],"yoast_head":"<!-- This site is optimized with the Yoast SEO Premium plugin v22.8 (Yoast SEO v27.2) - https:\/\/yoast.com\/product\/yoast-seo-premium-wordpress\/ -->\n<title>Signup - PriceLabs Spanish<\/title>\n<meta name=\"description\" content=\"Actualizaciones autom\u00e1ticas y en tiempo real de precios que simplifican la gesti\u00f3n de ingresos para anfitriones y administradores de propiedades. Optimiza\" \/>\n<meta name=\"robots\" content=\"index, follow, max-snippet:-1, max-image-preview:large, max-video-preview:-1\" \/>\n<link rel=\"canonical\" href=\"https:\/\/hello.pricelabs.co\/es\/signup\/\" \/>\n<meta property=\"og:locale\" content=\"es_ES\" \/>\n<meta property=\"og:type\" content=\"article\" \/>\n<meta property=\"og:title\" content=\"Signup\" \/>\n<meta property=\"og:description\" content=\"Actualizaciones autom\u00e1ticas y en tiempo real de precios que simplifican la gesti\u00f3n de ingresos para anfitriones y administradores de propiedades. Optimiza\" \/>\n<meta property=\"og:url\" content=\"https:\/\/hello.pricelabs.co\/es\/signup\/\" \/>\n<meta property=\"og:site_name\" content=\"PriceLabs\" \/>\n<meta property=\"article:publisher\" content=\"https:\/\/www.facebook.com\/PriceLabs1\/\" \/>\n<meta property=\"article:modified_time\" content=\"2026-01-15T09:34:36+00:00\" \/>\n<meta property=\"og:image\" content=\"https:\/\/hello.pricelabs.co\/wp-content\/uploads\/2025\/03\/pricing-calendar.png\" \/>\n\t<meta property=\"og:image:width\" content=\"1924\" \/>\n\t<meta property=\"og:image:height\" content=\"1183\" \/>\n\t<meta property=\"og:image:type\" content=\"image\/png\" \/>\n<meta name=\"twitter:card\" content=\"summary_large_image\" \/>\n<meta name=\"twitter:site\" content=\"@Price_Labs\" \/>\n<meta name=\"twitter:label1\" content=\"Tiempo de lectura\" \/>\n\t<meta name=\"twitter:data1\" content=\"4 minutos\" \/>\n<script type=\"application\/ld+json\" class=\"yoast-schema-graph\">{\"@context\":\"https:\/\/schema.org\",\"@graph\":[{\"@type\":\"WebPage\",\"@id\":\"https:\/\/hello.pricelabs.co\/es\/signup\/\",\"url\":\"https:\/\/hello.pricelabs.co\/es\/signup\/\",\"name\":\"Signup - PriceLabs Spanish\",\"isPartOf\":{\"@id\":\"https:\/\/hello.pricelabs.co\/es\/#website\"},\"primaryImageOfPage\":{\"@id\":\"https:\/\/hello.pricelabs.co\/es\/signup\/#primaryimage\"},\"image\":{\"@id\":\"https:\/\/hello.pricelabs.co\/es\/signup\/#primaryimage\"},\"thumbnailUrl\":\"https:\/\/hello.pricelabs.co\/wp-content\/uploads\/2025\/03\/pricing-calendar.png\",\"datePublished\":\"2023-07-19T07:23:11+00:00\",\"dateModified\":\"2026-01-15T09:34:36+00:00\",\"description\":\"Actualizaciones autom\u00e1ticas y en tiempo real de precios que simplifican la gesti\u00f3n de ingresos para anfitriones y administradores de propiedades. Optimiza\",\"breadcrumb\":{\"@id\":\"https:\/\/hello.pricelabs.co\/es\/signup\/#breadcrumb\"},\"inLanguage\":\"es\",\"potentialAction\":[{\"@type\":\"ReadAction\",\"target\":[\"https:\/\/hello.pricelabs.co\/es\/signup\/\"]}]},{\"@type\":\"ImageObject\",\"inLanguage\":\"es\",\"@id\":\"https:\/\/hello.pricelabs.co\/es\/signup\/#primaryimage\",\"url\":\"https:\/\/hello.pricelabs.co\/wp-content\/uploads\/2025\/03\/pricing-calendar.png\",\"contentUrl\":\"https:\/\/hello.pricelabs.co\/wp-content\/uploads\/2025\/03\/pricing-calendar.png\",\"width\":1924,\"height\":1183,\"caption\":\"Pricing Calendar\"},{\"@type\":\"BreadcrumbList\",\"@id\":\"https:\/\/hello.pricelabs.co\/es\/signup\/#breadcrumb\",\"itemListElement\":[{\"@type\":\"ListItem\",\"position\":1,\"name\":\"Home\",\"item\":\"https:\/\/hello.pricelabs.co\/es\/\"},{\"@type\":\"ListItem\",\"position\":2,\"name\":\"Signup\"}]},{\"@type\":\"WebSite\",\"@id\":\"https:\/\/hello.pricelabs.co\/es\/#website\",\"url\":\"https:\/\/hello.pricelabs.co\/es\/\",\"name\":\"PriceLabs\",\"description\":\"\",\"publisher\":{\"@id\":\"https:\/\/hello.pricelabs.co\/es\/#organization\"},\"potentialAction\":[{\"@type\":\"SearchAction\",\"target\":{\"@type\":\"EntryPoint\",\"urlTemplate\":\"https:\/\/hello.pricelabs.co\/es\/?s={search_term_string}\"},\"query-input\":{\"@type\":\"PropertyValueSpecification\",\"valueRequired\":true,\"valueName\":\"search_term_string\"}}],\"inLanguage\":\"es\"},{\"@type\":\"Organization\",\"@id\":\"https:\/\/hello.pricelabs.co\/es\/#organization\",\"name\":\"Pricelabs\",\"url\":\"https:\/\/hello.pricelabs.co\/es\/\",\"logo\":{\"@type\":\"ImageObject\",\"inLanguage\":\"es\",\"@id\":\"https:\/\/hello.pricelabs.co\/es\/#\/schema\/logo\/image\/\",\"url\":\"https:\/\/hello.pricelabs.co\/wp-content\/uploads\/2023\/09\/cropped-Pricelabs-Logo-element.png\",\"contentUrl\":\"https:\/\/hello.pricelabs.co\/wp-content\/uploads\/2023\/09\/cropped-Pricelabs-Logo-element.png\",\"width\":512,\"height\":512,\"caption\":\"Pricelabs\"},\"image\":{\"@id\":\"https:\/\/hello.pricelabs.co\/es\/#\/schema\/logo\/image\/\"},\"sameAs\":[\"https:\/\/www.facebook.com\/PriceLabs1\/\",\"https:\/\/x.com\/Price_Labs\",\"https:\/\/www.linkedin.com\/company\/pricelabs\/\"]}]}<\/script>\n<!-- \/ Yoast SEO Premium plugin. -->","yoast_head_json":{"title":"Signup - PriceLabs Spanish","description":"Actualizaciones autom\u00e1ticas y en tiempo real de precios que simplifican la gesti\u00f3n de ingresos para anfitriones y administradores de propiedades. Optimiza","robots":{"index":"index","follow":"follow","max-snippet":"max-snippet:-1","max-image-preview":"max-image-preview:large","max-video-preview":"max-video-preview:-1"},"canonical":"https:\/\/hello.pricelabs.co\/es\/signup\/","og_locale":"es_ES","og_type":"article","og_title":"Signup","og_description":"Actualizaciones autom\u00e1ticas y en tiempo real de precios que simplifican la gesti\u00f3n de ingresos para anfitriones y administradores de propiedades. Optimiza","og_url":"https:\/\/hello.pricelabs.co\/es\/signup\/","og_site_name":"PriceLabs","article_publisher":"https:\/\/www.facebook.com\/PriceLabs1\/","article_modified_time":"2026-01-15T09:34:36+00:00","og_image":[{"width":1924,"height":1183,"url":"https:\/\/hello.pricelabs.co\/wp-content\/uploads\/2025\/03\/pricing-calendar.png","type":"image\/png"}],"twitter_card":"summary_large_image","twitter_site":"@Price_Labs","twitter_misc":{"Tiempo de lectura":"4 minutos"},"schema":{"@context":"https:\/\/schema.org","@graph":[{"@type":"WebPage","@id":"https:\/\/hello.pricelabs.co\/es\/signup\/","url":"https:\/\/hello.pricelabs.co\/es\/signup\/","name":"Signup - PriceLabs Spanish","isPartOf":{"@id":"https:\/\/hello.pricelabs.co\/es\/#website"},"primaryImageOfPage":{"@id":"https:\/\/hello.pricelabs.co\/es\/signup\/#primaryimage"},"image":{"@id":"https:\/\/hello.pricelabs.co\/es\/signup\/#primaryimage"},"thumbnailUrl":"https:\/\/hello.pricelabs.co\/wp-content\/uploads\/2025\/03\/pricing-calendar.png","datePublished":"2023-07-19T07:23:11+00:00","dateModified":"2026-01-15T09:34:36+00:00","description":"Actualizaciones autom\u00e1ticas y en tiempo real de precios que simplifican la gesti\u00f3n de ingresos para anfitriones y administradores de propiedades. Optimiza","breadcrumb":{"@id":"https:\/\/hello.pricelabs.co\/es\/signup\/#breadcrumb"},"inLanguage":"es","potentialAction":[{"@type":"ReadAction","target":["https:\/\/hello.pricelabs.co\/es\/signup\/"]}]},{"@type":"ImageObject","inLanguage":"es","@id":"https:\/\/hello.pricelabs.co\/es\/signup\/#primaryimage","url":"https:\/\/hello.pricelabs.co\/wp-content\/uploads\/2025\/03\/pricing-calendar.png","contentUrl":"https:\/\/hello.pricelabs.co\/wp-content\/uploads\/2025\/03\/pricing-calendar.png","width":1924,"height":1183,"caption":"Pricing Calendar"},{"@type":"BreadcrumbList","@id":"https:\/\/hello.pricelabs.co\/es\/signup\/#breadcrumb","itemListElement":[{"@type":"ListItem","position":1,"name":"Home","item":"https:\/\/hello.pricelabs.co\/es\/"},{"@type":"ListItem","position":2,"name":"Signup"}]},{"@type":"WebSite","@id":"https:\/\/hello.pricelabs.co\/es\/#website","url":"https:\/\/hello.pricelabs.co\/es\/","name":"PriceLabs","description":"","publisher":{"@id":"https:\/\/hello.pricelabs.co\/es\/#organization"},"potentialAction":[{"@type":"SearchAction","target":{"@type":"EntryPoint","urlTemplate":"https:\/\/hello.pricelabs.co\/es\/?s={search_term_string}"},"query-input":{"@type":"PropertyValueSpecification","valueRequired":true,"valueName":"search_term_string"}}],"inLanguage":"es"},{"@type":"Organization","@id":"https:\/\/hello.pricelabs.co\/es\/#organization","name":"Pricelabs","url":"https:\/\/hello.pricelabs.co\/es\/","logo":{"@type":"ImageObject","inLanguage":"es","@id":"https:\/\/hello.pricelabs.co\/es\/#\/schema\/logo\/image\/","url":"https:\/\/hello.pricelabs.co\/wp-content\/uploads\/2023\/09\/cropped-Pricelabs-Logo-element.png","contentUrl":"https:\/\/hello.pricelabs.co\/wp-content\/uploads\/2023\/09\/cropped-Pricelabs-Logo-element.png","width":512,"height":512,"caption":"Pricelabs"},"image":{"@id":"https:\/\/hello.pricelabs.co\/es\/#\/schema\/logo\/image\/"},"sameAs":["https:\/\/www.facebook.com\/PriceLabs1\/","https:\/\/x.com\/Price_Labs","https:\/\/www.linkedin.com\/company\/pricelabs\/"]}]}},"_links":{"self":[{"href":"https:\/\/hello.pricelabs.co\/es\/wp-json\/wp\/v2\/pages\/20287","targetHints":{"allow":["GET"]}}],"collection":[{"href":"https:\/\/hello.pricelabs.co\/es\/wp-json\/wp\/v2\/pages"}],"about":[{"href":"https:\/\/hello.pricelabs.co\/es\/wp-json\/wp\/v2\/types\/page"}],"author":[{"embeddable":true,"href":"https:\/\/hello.pricelabs.co\/es\/wp-json\/wp\/v2\/users\/20"}],"replies":[{"embeddable":true,"href":"https:\/\/hello.pricelabs.co\/es\/wp-json\/wp\/v2\/comments?post=20287"}],"version-history":[{"count":0,"href":"https:\/\/hello.pricelabs.co\/es\/wp-json\/wp\/v2\/pages\/20287\/revisions"}],"wp:featuredmedia":[{"embeddable":true,"href":"https:\/\/hello.pricelabs.co\/es\/wp-json\/wp\/v2\/media\/77264"}],"wp:attachment":[{"href":"https:\/\/hello.pricelabs.co\/es\/wp-json\/wp\/v2\/media?parent=20287"}],"curies":[{"name":"wp","href":"https:\/\/api.w.org\/{rel}","templated":true}]}}