{"id":43322,"date":"2025-02-20T12:23:09","date_gmt":"2025-02-20T12:23:09","guid":{"rendered":"https:\/\/hello.pricelabs.co\/?page_id=43322"},"modified":"2026-02-05T08:22:20","modified_gmt":"2026-02-05T08:22:20","slug":"signup-portfolio-analytics","status":"publish","type":"page","link":"https:\/\/hello.pricelabs.co\/es\/signup-portfolio-analytics\/","title":{"rendered":"Registrarse An\u00e1lisis de Portfolio Analytics"},"content":{"rendered":"\t\t<div data-elementor-type=\"wp-page\" data-elementor-id=\"43322\" class=\"elementor elementor-43322 elementor-28189\" wpc-filter-elementor-widget=\"1\" data-elementor-post-type=\"page\">\n\t\t\t\t\t\t<section class=\"elementor-section elementor-top-section elementor-element elementor-element-320187a elementor-section-full_width elementor-hidden-desktop elementor-hidden-tablet elementor-section-height-default elementor-section-height-default\" data-id=\"320187a\" data-element_type=\"section\" data-e-type=\"section\" data-settings=\"{&quot;background_background&quot;:&quot;classic&quot;}\">\n\t\t\t\t\t\t<div class=\"elementor-container elementor-column-gap-default\">\n\t\t\t\t\t<div class=\"elementor-column elementor-col-100 elementor-top-column elementor-element elementor-element-3b84664\" data-id=\"3b84664\" data-element_type=\"column\" data-e-type=\"column\">\n\t\t\t<div class=\"elementor-widget-wrap elementor-element-populated\">\n\t\t\t\t\t\t<div class=\"elementor-element elementor-element-e75375d elementor-widget elementor-widget-image\" data-id=\"e75375d\" data-element_type=\"widget\" data-e-type=\"widget\" data-widget_type=\"image.default\">\n\t\t\t\t\t\t\t\t\t\t\t\t\t\t\t<img decoding=\"async\" width=\"164\" height=\"43\" src=\"https:\/\/hello.pricelabs.co\/wp-content\/uploads\/2023\/06\/Horizontal-_-White-1.svg\" class=\"attachment-full size-full wp-image-19216\" alt=\"\" \/>\t\t\t\t\t\t\t\t\t\t\t\t\t\t\t<\/div>\n\t\t\t\t\t<\/div>\n\t\t<\/div>\n\t\t\t\t\t<\/div>\n\t\t<\/section>\n\t\t\t\t<section class=\"elementor-section elementor-top-section elementor-element elementor-element-d84cffc elementor-section-full_width elementor-section-height-full signup_width elementor-section-stretched elementor-section-height-default elementor-section-items-middle\" data-id=\"d84cffc\" data-element_type=\"section\" data-e-type=\"section\" data-settings=\"{&quot;stretch_section&quot;:&quot;section-stretched&quot;}\">\n\t\t\t\t\t\t<div class=\"elementor-container elementor-column-gap-no\">\n\t\t\t\t\t<div class=\"elementor-column elementor-col-50 elementor-top-column elementor-element elementor-element-9a2e3dd elementor-hidden-mobile signup_height\" data-id=\"9a2e3dd\" data-element_type=\"column\" data-e-type=\"column\" data-settings=\"{&quot;background_background&quot;:&quot;slideshow&quot;,&quot;background_slideshow_gallery&quot;:[{&quot;id&quot;:19134,&quot;url&quot;:&quot;https:\\\/\\\/hello.pricelabs.co\\\/wp-content\\\/uploads\\\/\\\/2023\\\/06\\\/PriceLabs-Login-Bg.svg&quot;}],&quot;background_slideshow_loop&quot;:&quot;yes&quot;,&quot;background_slideshow_slide_duration&quot;:5000,&quot;background_slideshow_slide_transition&quot;:&quot;fade&quot;,&quot;background_slideshow_transition_duration&quot;:500}\">\n\t\t\t<div class=\"elementor-widget-wrap elementor-element-populated\">\n\t\t\t\t\t\t<section class=\"elementor-section elementor-inner-section elementor-element elementor-element-dd84273 elementor-hidden-mobile elementor-section-boxed elementor-section-height-default elementor-section-height-default\" data-id=\"dd84273\" data-element_type=\"section\" data-e-type=\"section\">\n\t\t\t\t\t\t<div class=\"elementor-container elementor-column-gap-no\">\n\t\t\t\t\t<div class=\"elementor-column elementor-col-100 elementor-inner-column elementor-element elementor-element-1c2192b elementor-hidden-mobile\" data-id=\"1c2192b\" data-element_type=\"column\" data-e-type=\"column\">\n\t\t\t<div class=\"elementor-widget-wrap elementor-element-populated\">\n\t\t\t\t\t\t<div class=\"elementor-element elementor-element-26021fc elementor-widget elementor-widget-image\" data-id=\"26021fc\" data-element_type=\"widget\" data-e-type=\"widget\" data-widget_type=\"image.default\">\n\t\t\t\t\t\t\t\t\t\t\t\t\t\t\t<img decoding=\"async\" width=\"164\" height=\"43\" src=\"https:\/\/hello.pricelabs.co\/wp-content\/uploads\/2023\/06\/Horizontal-_-White-1.svg\" class=\"attachment-full size-full wp-image-19216\" alt=\"\" \/>\t\t\t\t\t\t\t\t\t\t\t\t\t\t\t<\/div>\n\t\t\t\t<div class=\"elementor-element elementor-element-6c9cc65 elementor-widget__width-auto elementor-widget elementor-widget-heading\" data-id=\"6c9cc65\" data-element_type=\"widget\" data-e-type=\"widget\" data-widget_type=\"heading.default\">\n\t\t\t\t\t<h2 class=\"elementor-heading-title elementor-size-default\">Portfolio Analytics de forma gratuita<\/h2>\t\t\t\t<\/div>\n\t\t\t\t<div class=\"elementor-element elementor-element-56f666a elementor-widget__width-inherit elementor-widget elementor-widget-heading\" data-id=\"56f666a\" data-element_type=\"widget\" data-e-type=\"widget\" data-widget_type=\"heading.default\">\n\t\t\t\t\t<h4 class=\"elementor-heading-title elementor-size-default\"><span style=\"font-weight: normal\">Empieza por crear tu cuenta Pricelabs\n\n<\/span><\/h4>\t\t\t\t<\/div>\n\t\t\t\t\t<\/div>\n\t\t<\/div>\n\t\t\t\t\t<\/div>\n\t\t<\/section>\n\t\t\t\t\t<\/div>\n\t\t<\/div>\n\t\t\t\t<div class=\"elementor-column elementor-col-50 elementor-top-column elementor-element elementor-element-ce9800c signup_height\" data-id=\"ce9800c\" data-element_type=\"column\" data-e-type=\"column\">\n\t\t\t<div class=\"elementor-widget-wrap elementor-element-populated\">\n\t\t\t\t\t\t<div class=\"elementor-element elementor-element-90a55d8 elementor-widget elementor-widget-heading\" data-id=\"90a55d8\" data-element_type=\"widget\" data-e-type=\"widget\" data-widget_type=\"heading.default\">\n\t\t\t\t\t<h1 class=\"elementor-heading-title elementor-size-default\">Inicia tu prueba gratuita de 30 d\u00edas<\/h1>\t\t\t\t<\/div>\n\t\t\t\t<div class=\"elementor-element elementor-element-920d4d9 elementor-widget elementor-widget-text-editor\" data-id=\"920d4d9\" data-element_type=\"widget\" data-e-type=\"widget\" data-widget_type=\"text-editor.default\">\n\t\t\t\t\t\t\t\t\t<p>Sin tarjetas de cr\u00e9dito. Sin compromiso. <\/p>\n\t\t\t\t\t\t\t\t<\/div>\n\t\t\t\t<div class=\"elementor-element elementor-element-d62a37a elementor-widget__width-inherit elementor-widget elementor-widget-html\" data-id=\"d62a37a\" data-element_type=\"widget\" data-e-type=\"widget\" data-widget_type=\"html.default\">\n\t\t\t\t\t<div id=\"pricelabs-signup-widget-div\"><\/div> <script>     (function(){var e=document.head||document.getElementsByTagName(\"head\")[0];var s=document.createElement(\"script\");s.type=\"text\/javascript\",s.src=\"https:\/\/api.pricelabs.co\/widgets\/signup_widget?form_for=portfolio_analytics\",e.appendChild(s)})() <\/script>\t\t\t\t<\/div>\n\t\t\t\t<div class=\"elementor-element elementor-element-4dd5421 elementor-widget__width-inherit elementor-widget elementor-widget-text-editor\" data-id=\"4dd5421\" data-element_type=\"widget\" data-e-type=\"widget\" data-widget_type=\"text-editor.default\">\n\t\t\t\t\t\t\t\t\t<p>\u00bfYa eres usuario de PriceLabs? <a class=\"waffle-rich-text-link\" href=\"https:\/\/pricelabs.co\/signin\" data-wpel-link=\"external\" target=\"_blank\" rel=\"external noopener noreferrer\">Inicia sesi\u00f3n<\/a><\/p>\n\t\t\t\t\t\t\t\t<\/div>\n\t\t\t\t<div class=\"elementor-element elementor-element-34a1b95 elementor-widget__width-initial elementor-hidden-desktop elementor-hidden-tablet elementor-hidden-mobile elementor-widget elementor-widget-text-editor\" data-id=\"34a1b95\" data-element_type=\"widget\" data-e-type=\"widget\" data-widget_type=\"text-editor.default\">\n\t\t\t\t\t\t\t\t\t<p>Al crear una cuenta est\u00e1s aceptando las <a class=\"waffle-rich-text-link\" href=\"https:\/\/hello.pricelabs.co\/tandc\/\" data-wpel-link=\"external\" target=\"_blank\" rel=\"external noopener noreferrer\">Condiciones del servicio<\/a> y <a class=\"waffle-rich-text-link\" href=\"https:\/\/hello.pricelabs.co\/privacy-policy\/\" data-wpel-link=\"external\" target=\"_blank\" rel=\"external noopener noreferrer\">Pol\u00edtica de privacidad<\/a> de PriceLabs.<\/p>\n\t\t\t\t\t\t\t\t<\/div>\n\t\t\t\t\t<\/div>\n\t\t<\/div>\n\t\t\t\t\t<\/div>\n\t\t<\/section>\n\t\t\t\t<\/div>\n\t\t","protected":false},"excerpt":{"rendered":"<p>Portfolio Analytics de forma gratuita Empieza por crear tu cuenta Pricelabs Inicia tu prueba gratuita de 30 d\u00edas Sin tarjetas de cr\u00e9dito. Sin compromiso. \u00bfYa eres usuario de PriceLabs? Inicia sesi\u00f3n Al crear una cuenta est\u00e1s aceptando las Condiciones del servicio y Pol\u00edtica de privacidad de PriceLabs.<\/p>\n","protected":false},"author":20,"featured_media":125415,"parent":0,"menu_order":0,"comment_status":"closed","ping_status":"closed","template":"elementor_canvas","meta":{"_acf_changed":false,"_yoast_wpseo_title":"Reg\u00edstrese en Portfolio Analytics | Pricelabs","_yoast_wpseo_metadesc":"Portfolio Analytics gratis. Crea tu cuenta Pricelabs. Prueba gratuita de 30 d\u00edas. Sin tarjetas de cr\u00e9dito. Sin compromiso.","om_disable_all_campaigns":false,"inline_featured_image":false,"_lmt_disableupdate":"","_lmt_disable":"","site-sidebar-layout":"no-sidebar","site-content-layout":"page-builder","ast-site-content-layout":"full-width-container","site-content-style":"unboxed","site-sidebar-style":"unboxed","ast-global-header-display":"","ast-banner-title-visibility":"","ast-main-header-display":"","ast-hfb-above-header-display":"","ast-hfb-below-header-display":"","ast-hfb-mobile-header-display":"","site-post-title":"disabled","ast-breadcrumbs-content":"","ast-featured-img":"disabled","footer-sml-layout":"","ast-disable-related-posts":"","theme-transparent-header-meta":"default","adv-header-id-meta":"","stick-header-meta":"","header-above-stick-meta":"","header-main-stick-meta":"","header-below-stick-meta":"","astra-migrate-meta-layouts":"set","ast-page-background-enabled":"default","ast-page-background-meta":{"desktop":{"background-color":"","background-image":"","background-repeat":"repeat","background-position":"center center","background-size":"auto","background-attachment":"scroll","background-type":"","background-media":"","overlay-type":"","overlay-color":"","overlay-opacity":"","overlay-gradient":""},"tablet":{"background-color":"","background-image":"","background-repeat":"repeat","background-position":"center center","background-size":"auto","background-attachment":"scroll","background-type":"","background-media":"","overlay-type":"","overlay-color":"","overlay-opacity":"","overlay-gradient":""},"mobile":{"background-color":"","background-image":"","background-repeat":"repeat","background-position":"center center","background-size":"auto","background-attachment":"scroll","background-type":"","background-media":"","overlay-type":"","overlay-color":"","overlay-opacity":"","overlay-gradient":""}},"ast-content-background-meta":{"desktop":{"background-color":"var(--ast-global-color-5)","background-image":"","background-repeat":"repeat","background-position":"center center","background-size":"auto","background-attachment":"scroll","background-type":"","background-media":"","overlay-type":"","overlay-color":"","overlay-opacity":"","overlay-gradient":""},"tablet":{"background-color":"var(--ast-global-color-5)","background-image":"","background-repeat":"repeat","background-position":"center center","background-size":"auto","background-attachment":"scroll","background-type":"","background-media":"","overlay-type":"","overlay-color":"","overlay-opacity":"","overlay-gradient":""},"mobile":{"background-color":"var(--ast-global-color-5)","background-image":"","background-repeat":"repeat","background-position":"center center","background-size":"auto","background-attachment":"scroll","background-type":"","background-media":"","overlay-type":"","overlay-color":"","overlay-opacity":"","overlay-gradient":""}},"footnotes":""},"class_list":["post-43322","page","type-page","status-publish","has-post-thumbnail","hentry"],"acf":[],"yoast_head":"<!-- This site is optimized with the Yoast SEO Premium plugin v22.8 (Yoast SEO v27.2) - https:\/\/yoast.com\/product\/yoast-seo-premium-wordpress\/ -->\n<title>Reg\u00edstrese en Portfolio Analytics | Pricelabs<\/title>\n<meta name=\"description\" content=\"Portfolio Analytics gratis. Crea tu cuenta Pricelabs. Prueba gratuita de 30 d\u00edas. Sin tarjetas de cr\u00e9dito. Sin compromiso.\" \/>\n<meta name=\"robots\" content=\"index, follow, max-snippet:-1, max-image-preview:large, max-video-preview:-1\" \/>\n<link rel=\"canonical\" href=\"https:\/\/hello.pricelabs.co\/es\/signup-portfolio-analytics\/\" \/>\n<meta property=\"og:locale\" content=\"es_ES\" \/>\n<meta property=\"og:type\" content=\"article\" \/>\n<meta property=\"og:title\" content=\"Registrarse An\u00e1lisis de Portfolio Analytics\" \/>\n<meta property=\"og:description\" content=\"Portfolio Analytics gratis. Crea tu cuenta Pricelabs. Prueba gratuita de 30 d\u00edas. Sin tarjetas de cr\u00e9dito. Sin compromiso.\" \/>\n<meta property=\"og:url\" content=\"https:\/\/hello.pricelabs.co\/es\/signup-portfolio-analytics\/\" \/>\n<meta property=\"og:site_name\" content=\"PriceLabs\" \/>\n<meta property=\"article:publisher\" content=\"https:\/\/www.facebook.com\/PriceLabs1\/\" \/>\n<meta property=\"article:modified_time\" content=\"2026-02-05T08:22:20+00:00\" \/>\n<meta name=\"twitter:card\" content=\"summary_large_image\" \/>\n<meta name=\"twitter:site\" content=\"@Price_Labs\" \/>\n<meta name=\"twitter:label1\" content=\"Tiempo de lectura\" \/>\n\t<meta name=\"twitter:data1\" content=\"1 minuto\" \/>\n<script type=\"application\/ld+json\" class=\"yoast-schema-graph\">{\"@context\":\"https:\/\/schema.org\",\"@graph\":[{\"@type\":\"WebPage\",\"@id\":\"https:\/\/hello.pricelabs.co\/es\/signup-portfolio-analytics\/\",\"url\":\"https:\/\/hello.pricelabs.co\/es\/signup-portfolio-analytics\/\",\"name\":\"Reg\u00edstrese en Portfolio Analytics | Pricelabs\",\"isPartOf\":{\"@id\":\"https:\/\/hello.pricelabs.co\/es\/#website\"},\"primaryImageOfPage\":{\"@id\":\"https:\/\/hello.pricelabs.co\/es\/signup-portfolio-analytics\/#primaryimage\"},\"image\":{\"@id\":\"https:\/\/hello.pricelabs.co\/es\/signup-portfolio-analytics\/#primaryimage\"},\"thumbnailUrl\":\"https:\/\/hello.pricelabs.co\/wp-content\/uploads\/2024\/02\/Portfolio-Analytics.svg\",\"datePublished\":\"2025-02-20T12:23:09+00:00\",\"dateModified\":\"2026-02-05T08:22:20+00:00\",\"description\":\"Portfolio Analytics gratis. Crea tu cuenta Pricelabs. Prueba gratuita de 30 d\u00edas. Sin tarjetas de cr\u00e9dito. Sin compromiso.\",\"breadcrumb\":{\"@id\":\"https:\/\/hello.pricelabs.co\/es\/signup-portfolio-analytics\/#breadcrumb\"},\"inLanguage\":\"es\",\"potentialAction\":[{\"@type\":\"ReadAction\",\"target\":[\"https:\/\/hello.pricelabs.co\/es\/signup-portfolio-analytics\/\"]}]},{\"@type\":\"ImageObject\",\"inLanguage\":\"es\",\"@id\":\"https:\/\/hello.pricelabs.co\/es\/signup-portfolio-analytics\/#primaryimage\",\"url\":\"https:\/\/hello.pricelabs.co\/wp-content\/uploads\/2024\/02\/Portfolio-Analytics.svg\",\"contentUrl\":\"https:\/\/hello.pricelabs.co\/wp-content\/uploads\/2024\/02\/Portfolio-Analytics.svg\",\"width\":192,\"height\":192,\"caption\":\"Portfolio Analytics\"},{\"@type\":\"BreadcrumbList\",\"@id\":\"https:\/\/hello.pricelabs.co\/es\/signup-portfolio-analytics\/#breadcrumb\",\"itemListElement\":[{\"@type\":\"ListItem\",\"position\":1,\"name\":\"Home\",\"item\":\"https:\/\/hello.pricelabs.co\/es\/\"},{\"@type\":\"ListItem\",\"position\":2,\"name\":\"Registrarse An\u00e1lisis de Portfolio Analytics\"}]},{\"@type\":\"WebSite\",\"@id\":\"https:\/\/hello.pricelabs.co\/es\/#website\",\"url\":\"https:\/\/hello.pricelabs.co\/es\/\",\"name\":\"PriceLabs\",\"description\":\"\",\"publisher\":{\"@id\":\"https:\/\/hello.pricelabs.co\/es\/#organization\"},\"potentialAction\":[{\"@type\":\"SearchAction\",\"target\":{\"@type\":\"EntryPoint\",\"urlTemplate\":\"https:\/\/hello.pricelabs.co\/es\/?s={search_term_string}\"},\"query-input\":{\"@type\":\"PropertyValueSpecification\",\"valueRequired\":true,\"valueName\":\"search_term_string\"}}],\"inLanguage\":\"es\"},{\"@type\":\"Organization\",\"@id\":\"https:\/\/hello.pricelabs.co\/es\/#organization\",\"name\":\"Pricelabs\",\"url\":\"https:\/\/hello.pricelabs.co\/es\/\",\"logo\":{\"@type\":\"ImageObject\",\"inLanguage\":\"es\",\"@id\":\"https:\/\/hello.pricelabs.co\/es\/#\/schema\/logo\/image\/\",\"url\":\"https:\/\/hello.pricelabs.co\/wp-content\/uploads\/2023\/09\/cropped-Pricelabs-Logo-element.png\",\"contentUrl\":\"https:\/\/hello.pricelabs.co\/wp-content\/uploads\/2023\/09\/cropped-Pricelabs-Logo-element.png\",\"width\":512,\"height\":512,\"caption\":\"Pricelabs\"},\"image\":{\"@id\":\"https:\/\/hello.pricelabs.co\/es\/#\/schema\/logo\/image\/\"},\"sameAs\":[\"https:\/\/www.facebook.com\/PriceLabs1\/\",\"https:\/\/x.com\/Price_Labs\",\"https:\/\/www.linkedin.com\/company\/pricelabs\/\"]}]}<\/script>\n<!-- \/ Yoast SEO Premium plugin. -->","yoast_head_json":{"title":"Reg\u00edstrese en Portfolio Analytics | Pricelabs","description":"Portfolio Analytics gratis. Crea tu cuenta Pricelabs. Prueba gratuita de 30 d\u00edas. Sin tarjetas de cr\u00e9dito. Sin compromiso.","robots":{"index":"index","follow":"follow","max-snippet":"max-snippet:-1","max-image-preview":"max-image-preview:large","max-video-preview":"max-video-preview:-1"},"canonical":"https:\/\/hello.pricelabs.co\/es\/signup-portfolio-analytics\/","og_locale":"es_ES","og_type":"article","og_title":"Registrarse An\u00e1lisis de Portfolio Analytics","og_description":"Portfolio Analytics gratis. Crea tu cuenta Pricelabs. Prueba gratuita de 30 d\u00edas. Sin tarjetas de cr\u00e9dito. Sin compromiso.","og_url":"https:\/\/hello.pricelabs.co\/es\/signup-portfolio-analytics\/","og_site_name":"PriceLabs","article_publisher":"https:\/\/www.facebook.com\/PriceLabs1\/","article_modified_time":"2026-02-05T08:22:20+00:00","twitter_card":"summary_large_image","twitter_site":"@Price_Labs","twitter_misc":{"Tiempo de lectura":"1 minuto"},"schema":{"@context":"https:\/\/schema.org","@graph":[{"@type":"WebPage","@id":"https:\/\/hello.pricelabs.co\/es\/signup-portfolio-analytics\/","url":"https:\/\/hello.pricelabs.co\/es\/signup-portfolio-analytics\/","name":"Reg\u00edstrese en Portfolio Analytics | Pricelabs","isPartOf":{"@id":"https:\/\/hello.pricelabs.co\/es\/#website"},"primaryImageOfPage":{"@id":"https:\/\/hello.pricelabs.co\/es\/signup-portfolio-analytics\/#primaryimage"},"image":{"@id":"https:\/\/hello.pricelabs.co\/es\/signup-portfolio-analytics\/#primaryimage"},"thumbnailUrl":"https:\/\/hello.pricelabs.co\/wp-content\/uploads\/2024\/02\/Portfolio-Analytics.svg","datePublished":"2025-02-20T12:23:09+00:00","dateModified":"2026-02-05T08:22:20+00:00","description":"Portfolio Analytics gratis. Crea tu cuenta Pricelabs. Prueba gratuita de 30 d\u00edas. Sin tarjetas de cr\u00e9dito. Sin compromiso.","breadcrumb":{"@id":"https:\/\/hello.pricelabs.co\/es\/signup-portfolio-analytics\/#breadcrumb"},"inLanguage":"es","potentialAction":[{"@type":"ReadAction","target":["https:\/\/hello.pricelabs.co\/es\/signup-portfolio-analytics\/"]}]},{"@type":"ImageObject","inLanguage":"es","@id":"https:\/\/hello.pricelabs.co\/es\/signup-portfolio-analytics\/#primaryimage","url":"https:\/\/hello.pricelabs.co\/wp-content\/uploads\/2024\/02\/Portfolio-Analytics.svg","contentUrl":"https:\/\/hello.pricelabs.co\/wp-content\/uploads\/2024\/02\/Portfolio-Analytics.svg","width":192,"height":192,"caption":"Portfolio Analytics"},{"@type":"BreadcrumbList","@id":"https:\/\/hello.pricelabs.co\/es\/signup-portfolio-analytics\/#breadcrumb","itemListElement":[{"@type":"ListItem","position":1,"name":"Home","item":"https:\/\/hello.pricelabs.co\/es\/"},{"@type":"ListItem","position":2,"name":"Registrarse An\u00e1lisis de Portfolio Analytics"}]},{"@type":"WebSite","@id":"https:\/\/hello.pricelabs.co\/es\/#website","url":"https:\/\/hello.pricelabs.co\/es\/","name":"PriceLabs","description":"","publisher":{"@id":"https:\/\/hello.pricelabs.co\/es\/#organization"},"potentialAction":[{"@type":"SearchAction","target":{"@type":"EntryPoint","urlTemplate":"https:\/\/hello.pricelabs.co\/es\/?s={search_term_string}"},"query-input":{"@type":"PropertyValueSpecification","valueRequired":true,"valueName":"search_term_string"}}],"inLanguage":"es"},{"@type":"Organization","@id":"https:\/\/hello.pricelabs.co\/es\/#organization","name":"Pricelabs","url":"https:\/\/hello.pricelabs.co\/es\/","logo":{"@type":"ImageObject","inLanguage":"es","@id":"https:\/\/hello.pricelabs.co\/es\/#\/schema\/logo\/image\/","url":"https:\/\/hello.pricelabs.co\/wp-content\/uploads\/2023\/09\/cropped-Pricelabs-Logo-element.png","contentUrl":"https:\/\/hello.pricelabs.co\/wp-content\/uploads\/2023\/09\/cropped-Pricelabs-Logo-element.png","width":512,"height":512,"caption":"Pricelabs"},"image":{"@id":"https:\/\/hello.pricelabs.co\/es\/#\/schema\/logo\/image\/"},"sameAs":["https:\/\/www.facebook.com\/PriceLabs1\/","https:\/\/x.com\/Price_Labs","https:\/\/www.linkedin.com\/company\/pricelabs\/"]}]}},"_links":{"self":[{"href":"https:\/\/hello.pricelabs.co\/es\/wp-json\/wp\/v2\/pages\/43322","targetHints":{"allow":["GET"]}}],"collection":[{"href":"https:\/\/hello.pricelabs.co\/es\/wp-json\/wp\/v2\/pages"}],"about":[{"href":"https:\/\/hello.pricelabs.co\/es\/wp-json\/wp\/v2\/types\/page"}],"author":[{"embeddable":true,"href":"https:\/\/hello.pricelabs.co\/es\/wp-json\/wp\/v2\/users\/20"}],"replies":[{"embeddable":true,"href":"https:\/\/hello.pricelabs.co\/es\/wp-json\/wp\/v2\/comments?post=43322"}],"version-history":[{"count":0,"href":"https:\/\/hello.pricelabs.co\/es\/wp-json\/wp\/v2\/pages\/43322\/revisions"}],"wp:featuredmedia":[{"embeddable":true,"href":"https:\/\/hello.pricelabs.co\/es\/wp-json\/wp\/v2\/media\/125415"}],"wp:attachment":[{"href":"https:\/\/hello.pricelabs.co\/es\/wp-json\/wp\/v2\/media?parent=43322"}],"curies":[{"name":"wp","href":"https:\/\/api.w.org\/{rel}","templated":true}]}}