{"id":43316,"date":"2024-08-07T12:42:55","date_gmt":"2024-08-07T12:42:55","guid":{"rendered":"https:\/\/hello.pricelabs.co\/?page_id=43316"},"modified":"2025-06-12T05:58:58","modified_gmt":"2025-06-12T05:58:58","slug":"signup-portfolio-analytics","status":"publish","type":"page","link":"https:\/\/hello.pricelabs.co\/fr\/signup-portfolio-analytics\/","title":{"rendered":"S\u2019inscrire Portfolio Analytics"},"content":{"rendered":"\t\t<div data-elementor-type=\"wp-page\" data-elementor-id=\"43316\" class=\"elementor elementor-43316 elementor-28189\" wpc-filter-elementor-widget=\"1\" data-elementor-post-type=\"page\">\n\t\t\t\t\t\t<section class=\"elementor-section elementor-top-section elementor-element elementor-element-320187a elementor-section-full_width elementor-hidden-desktop elementor-hidden-tablet elementor-section-stretched elementor-section-height-default elementor-section-height-default\" data-id=\"320187a\" data-element_type=\"section\" data-e-type=\"section\" data-settings=\"{&quot;background_background&quot;:&quot;classic&quot;,&quot;stretch_section&quot;:&quot;section-stretched&quot;}\">\n\t\t\t\t\t\t<div class=\"elementor-container elementor-column-gap-default\">\n\t\t\t\t\t<div class=\"elementor-column elementor-col-100 elementor-top-column elementor-element elementor-element-3b84664\" data-id=\"3b84664\" data-element_type=\"column\" data-e-type=\"column\">\n\t\t\t<div class=\"elementor-widget-wrap elementor-element-populated\">\n\t\t\t\t\t\t<div class=\"elementor-element elementor-element-e75375d elementor-widget elementor-widget-image\" data-id=\"e75375d\" data-element_type=\"widget\" data-e-type=\"widget\" data-widget_type=\"image.default\">\n\t\t\t\t\t\t\t\t\t\t\t\t\t\t\t<img decoding=\"async\" width=\"164\" height=\"43\" src=\"https:\/\/hello.pricelabs.co\/wp-content\/uploads\/2023\/06\/Horizontal-_-White-1.svg\" class=\"attachment-full size-full wp-image-19213\" alt=\"\" \/>\t\t\t\t\t\t\t\t\t\t\t\t\t\t\t<\/div>\n\t\t\t\t\t<\/div>\n\t\t<\/div>\n\t\t\t\t\t<\/div>\n\t\t<\/section>\n\t\t\t\t<section class=\"elementor-section elementor-top-section elementor-element elementor-element-d84cffc elementor-section-full_width elementor-section-height-full signup_width elementor-section-stretched elementor-section-height-default elementor-section-items-middle\" data-id=\"d84cffc\" data-element_type=\"section\" data-e-type=\"section\" data-settings=\"{&quot;stretch_section&quot;:&quot;section-stretched&quot;}\">\n\t\t\t\t\t\t<div class=\"elementor-container elementor-column-gap-no\">\n\t\t\t\t\t<div class=\"elementor-column elementor-col-50 elementor-top-column elementor-element elementor-element-9a2e3dd elementor-hidden-mobile signup_height\" data-id=\"9a2e3dd\" data-element_type=\"column\" data-e-type=\"column\" data-settings=\"{&quot;background_background&quot;:&quot;slideshow&quot;,&quot;background_slideshow_gallery&quot;:[{&quot;id&quot;:19130,&quot;url&quot;:&quot;https:\\\/\\\/hello.pricelabs.co\\\/wp-content\\\/uploads\\\/2023\\\/06\\\/PriceLabs-Login-Bg.svg&quot;}],&quot;background_slideshow_loop&quot;:&quot;yes&quot;,&quot;background_slideshow_slide_duration&quot;:5000,&quot;background_slideshow_slide_transition&quot;:&quot;fade&quot;,&quot;background_slideshow_transition_duration&quot;:500}\">\n\t\t\t<div class=\"elementor-widget-wrap elementor-element-populated\">\n\t\t\t\t\t\t<section class=\"elementor-section elementor-inner-section elementor-element elementor-element-dd84273 elementor-hidden-mobile elementor-section-boxed elementor-section-height-default elementor-section-height-default\" data-id=\"dd84273\" data-element_type=\"section\" data-e-type=\"section\">\n\t\t\t\t\t\t<div class=\"elementor-container elementor-column-gap-no\">\n\t\t\t\t\t<div class=\"elementor-column elementor-col-100 elementor-inner-column elementor-element elementor-element-1c2192b elementor-hidden-mobile\" data-id=\"1c2192b\" data-element_type=\"column\" data-e-type=\"column\">\n\t\t\t<div class=\"elementor-widget-wrap elementor-element-populated\">\n\t\t\t\t\t\t<div class=\"elementor-element elementor-element-26021fc elementor-widget elementor-widget-image\" data-id=\"26021fc\" data-element_type=\"widget\" data-e-type=\"widget\" data-widget_type=\"image.default\">\n\t\t\t\t\t\t\t\t\t\t\t\t\t\t\t<img decoding=\"async\" width=\"164\" height=\"43\" src=\"https:\/\/hello.pricelabs.co\/wp-content\/uploads\/2023\/06\/Horizontal-_-White-1.svg\" class=\"attachment-full size-full wp-image-19213\" alt=\"\" \/>\t\t\t\t\t\t\t\t\t\t\t\t\t\t\t<\/div>\n\t\t\t\t<div class=\"elementor-element elementor-element-6c9cc65 elementor-widget__width-auto elementor-widget elementor-widget-heading\" data-id=\"6c9cc65\" data-element_type=\"widget\" data-e-type=\"widget\" data-widget_type=\"heading.default\">\n\t\t\t\t\t<h2 class=\"elementor-heading-title elementor-size-default\">Utilisez Portfolio Analytics gratuitement<\/h2>\t\t\t\t<\/div>\n\t\t\t\t<div class=\"elementor-element elementor-element-56f666a elementor-widget__width-inherit elementor-widget elementor-widget-heading\" data-id=\"56f666a\" data-element_type=\"widget\" data-e-type=\"widget\" data-widget_type=\"heading.default\">\n\t\t\t\t\t<h4 class=\"elementor-heading-title elementor-size-default\"><span style=\"font-weight: normal\">Commencez par cr\u00e9er votre compte PriceLabs\n\n<\/span><\/h4>\t\t\t\t<\/div>\n\t\t\t\t\t<\/div>\n\t\t<\/div>\n\t\t\t\t\t<\/div>\n\t\t<\/section>\n\t\t\t\t\t<\/div>\n\t\t<\/div>\n\t\t\t\t<div class=\"elementor-column elementor-col-50 elementor-top-column elementor-element elementor-element-ce9800c signup_height\" data-id=\"ce9800c\" data-element_type=\"column\" data-e-type=\"column\">\n\t\t\t<div class=\"elementor-widget-wrap elementor-element-populated\">\n\t\t\t\t\t\t<div class=\"elementor-element elementor-element-90a55d8 elementor-widget elementor-widget-heading\" data-id=\"90a55d8\" data-element_type=\"widget\" data-e-type=\"widget\" data-widget_type=\"heading.default\">\n\t\t\t\t\t<h1 class=\"elementor-heading-title elementor-size-default\">Commencez votre essai gratuit de 30 jours<\/h1>\t\t\t\t<\/div>\n\t\t\t\t<div class=\"elementor-element elementor-element-920d4d9 elementor-widget elementor-widget-text-editor\" data-id=\"920d4d9\" data-element_type=\"widget\" data-e-type=\"widget\" data-widget_type=\"text-editor.default\">\n\t\t\t\t\t\t\t\t\t<p>Pas de carte de cr\u00e9dit. Pas d\u2019engagement <\/p>\n\t\t\t\t\t\t\t\t<\/div>\n\t\t\t\t<div class=\"elementor-element elementor-element-d62a37a elementor-widget__width-inherit elementor-widget elementor-widget-html\" data-id=\"d62a37a\" data-element_type=\"widget\" data-e-type=\"widget\" data-widget_type=\"html.default\">\n\t\t\t\t\t<div id=\"pricelabs-signup-widget-div\"><\/div> <script>     (function(){var e=document.head||document.getElementsByTagName(\"head\")[0];var s=document.createElement(\"script\");s.type=\"text\/javascript\",s.src=\"https:\/\/api.pricelabs.co\/widgets\/signup_widget?form_for=portfolio_analytics\",e.appendChild(s)})() <\/script>\t\t\t\t<\/div>\n\t\t\t\t<div class=\"elementor-element elementor-element-4dd5421 elementor-widget__width-inherit elementor-widget elementor-widget-text-editor\" data-id=\"4dd5421\" data-element_type=\"widget\" data-e-type=\"widget\" data-widget_type=\"text-editor.default\">\n\t\t\t\t\t\t\t\t\t<p>Vous \u00eates d\u00e9j\u00e0 utilisateur de PriceLabs ? <a class=\"waffle-rich-text-link\" href=\"https:\/\/pricelabs.co\/signin\" data-wpel-link=\"external\" target=\"_blank\" rel=\"external noopener noreferrer\">Connectez-vous<\/a><\/p>\n\t\t\t\t\t\t\t\t<\/div>\n\t\t\t\t<div class=\"elementor-element elementor-element-34a1b95 elementor-widget__width-initial elementor-hidden-desktop elementor-hidden-tablet elementor-hidden-mobile elementor-widget elementor-widget-text-editor\" data-id=\"34a1b95\" data-element_type=\"widget\" data-e-type=\"widget\" data-widget_type=\"text-editor.default\">\n\t\t\t\t\t\t\t\t\t<p>En cr\u00e9ant un compte, vous acceptez les <a class=\"waffle-rich-text-link\" href=\"https:\/\/hello.pricelabs.co\/tandc\/\" data-wpel-link=\"external\" target=\"_blank\" rel=\"external noopener noreferrer\">conditions d\u2019utilisation<\/a> et la <a class=\"waffle-rich-text-link\" href=\"https:\/\/hello.pricelabs.co\/privacy-policy\/\" data-wpel-link=\"external\" target=\"_blank\" rel=\"external noopener noreferrer\">politique de confidentialit\u00e9 <\/a>de PriceLabs.<\/p>\n\t\t\t\t\t\t\t\t<\/div>\n\t\t\t\t\t<\/div>\n\t\t<\/div>\n\t\t\t\t\t<\/div>\n\t\t<\/section>\n\t\t\t\t<\/div>\n\t\t","protected":false},"excerpt":{"rendered":"<p>Utilisez Portfolio Analytics gratuitement Commencez par cr\u00e9er votre compte PriceLabs Commencez votre essai gratuit de 30 jours Pas de carte de cr\u00e9dit. Pas d\u2019engagement Vous \u00eates d\u00e9j\u00e0 utilisateur de PriceLabs ? Connectez-vous En cr\u00e9ant un compte, vous acceptez les conditions d\u2019utilisation et la politique de confidentialit\u00e9 de PriceLabs.<\/p>\n","protected":false},"author":20,"featured_media":0,"parent":0,"menu_order":0,"comment_status":"closed","ping_status":"closed","template":"elementor_canvas","meta":{"_acf_changed":false,"_yoast_wpseo_title":"S\u2019inscrire \u00e0 Portfolio Analytics | PriceLabs","_yoast_wpseo_metadesc":"","om_disable_all_campaigns":false,"inline_featured_image":false,"_lmt_disableupdate":"no","_lmt_disable":"","site-sidebar-layout":"no-sidebar","site-content-layout":"page-builder","ast-site-content-layout":"full-width-container","site-content-style":"unboxed","site-sidebar-style":"unboxed","ast-global-header-display":"","ast-banner-title-visibility":"","ast-main-header-display":"","ast-hfb-above-header-display":"","ast-hfb-below-header-display":"","ast-hfb-mobile-header-display":"","site-post-title":"disabled","ast-breadcrumbs-content":"","ast-featured-img":"disabled","footer-sml-layout":"","ast-disable-related-posts":"","theme-transparent-header-meta":"default","adv-header-id-meta":"","stick-header-meta":"","header-above-stick-meta":"","header-main-stick-meta":"","header-below-stick-meta":"","astra-migrate-meta-layouts":"set","ast-page-background-enabled":"default","ast-page-background-meta":{"desktop":{"background-color":"","background-image":"","background-repeat":"repeat","background-position":"center center","background-size":"auto","background-attachment":"scroll","background-type":"","background-media":"","overlay-type":"","overlay-color":"","overlay-opacity":"","overlay-gradient":""},"tablet":{"background-color":"","background-image":"","background-repeat":"repeat","background-position":"center center","background-size":"auto","background-attachment":"scroll","background-type":"","background-media":"","overlay-type":"","overlay-color":"","overlay-opacity":"","overlay-gradient":""},"mobile":{"background-color":"","background-image":"","background-repeat":"repeat","background-position":"center center","background-size":"auto","background-attachment":"scroll","background-type":"","background-media":"","overlay-type":"","overlay-color":"","overlay-opacity":"","overlay-gradient":""}},"ast-content-background-meta":{"desktop":{"background-color":"var(--ast-global-color-5)","background-image":"","background-repeat":"repeat","background-position":"center center","background-size":"auto","background-attachment":"scroll","background-type":"","background-media":"","overlay-type":"","overlay-color":"","overlay-opacity":"","overlay-gradient":""},"tablet":{"background-color":"var(--ast-global-color-5)","background-image":"","background-repeat":"repeat","background-position":"center center","background-size":"auto","background-attachment":"scroll","background-type":"","background-media":"","overlay-type":"","overlay-color":"","overlay-opacity":"","overlay-gradient":""},"mobile":{"background-color":"var(--ast-global-color-5)","background-image":"","background-repeat":"repeat","background-position":"center center","background-size":"auto","background-attachment":"scroll","background-type":"","background-media":"","overlay-type":"","overlay-color":"","overlay-opacity":"","overlay-gradient":""}},"footnotes":""},"class_list":["post-43316","page","type-page","status-publish","hentry"],"acf":[],"yoast_head":"<!-- This site is optimized with the Yoast SEO Premium plugin v22.8 (Yoast SEO v27.2) - https:\/\/yoast.com\/product\/yoast-seo-premium-wordpress\/ -->\n<title>S\u2019inscrire \u00e0 Portfolio Analytics | PriceLabs<\/title>\n<meta name=\"description\" content=\"Utilisez Portfolio Analytics gratuitement Commencez par cr\u00e9er votre compte PriceLabs Commencez votre essai gratuit de 30 jours Pas de carte de cr\u00e9dit. Pas\" \/>\n<meta name=\"robots\" content=\"index, follow, max-snippet:-1, max-image-preview:large, max-video-preview:-1\" \/>\n<link rel=\"canonical\" href=\"https:\/\/hello.pricelabs.co\/fr\/signup-portfolio-analytics\/\" \/>\n<meta property=\"og:locale\" content=\"fr_FR\" \/>\n<meta property=\"og:type\" content=\"article\" \/>\n<meta property=\"og:title\" content=\"S\u2019inscrire Portfolio Analytics\" \/>\n<meta property=\"og:description\" content=\"Utilisez Portfolio Analytics gratuitement Commencez par cr\u00e9er votre compte PriceLabs Commencez votre essai gratuit de 30 jours Pas de carte de cr\u00e9dit. Pas\" \/>\n<meta property=\"og:url\" content=\"https:\/\/hello.pricelabs.co\/fr\/signup-portfolio-analytics\/\" \/>\n<meta property=\"og:site_name\" content=\"PriceLabs\" \/>\n<meta property=\"article:publisher\" content=\"https:\/\/www.facebook.com\/PriceLabs1\/\" \/>\n<meta property=\"article:modified_time\" content=\"2025-06-12T05:58:58+00:00\" \/>\n<meta property=\"og:image\" content=\"https:\/\/hello.pricelabs.co\/wp-content\/uploads\/2023\/06\/Horizontal-_-White-1.svg\" \/>\n<meta name=\"twitter:card\" content=\"summary_large_image\" \/>\n<meta name=\"twitter:site\" content=\"@Price_Labs\" \/>\n<meta name=\"twitter:label1\" content=\"Dur\u00e9e de lecture estim\u00e9e\" \/>\n\t<meta name=\"twitter:data1\" content=\"1 minute\" \/>\n<script type=\"application\/ld+json\" class=\"yoast-schema-graph\">{\"@context\":\"https:\/\/schema.org\",\"@graph\":[{\"@type\":\"WebPage\",\"@id\":\"https:\/\/hello.pricelabs.co\/fr\/signup-portfolio-analytics\/\",\"url\":\"https:\/\/hello.pricelabs.co\/fr\/signup-portfolio-analytics\/\",\"name\":\"S\u2019inscrire \u00e0 Portfolio Analytics | PriceLabs\",\"isPartOf\":{\"@id\":\"https:\/\/hello.pricelabs.co\/fr\/#website\"},\"primaryImageOfPage\":{\"@id\":\"https:\/\/hello.pricelabs.co\/fr\/signup-portfolio-analytics\/#primaryimage\"},\"image\":{\"@id\":\"https:\/\/hello.pricelabs.co\/fr\/signup-portfolio-analytics\/#primaryimage\"},\"thumbnailUrl\":\"https:\/\/hello.pricelabs.co\/wp-content\/uploads\/2023\/06\/Horizontal-_-White-1.svg\",\"datePublished\":\"2024-08-07T12:42:55+00:00\",\"dateModified\":\"2025-06-12T05:58:58+00:00\",\"description\":\"Utilisez Portfolio Analytics gratuitement Commencez par cr\u00e9er votre compte PriceLabs Commencez votre essai gratuit de 30 jours Pas de carte de cr\u00e9dit. Pas\",\"breadcrumb\":{\"@id\":\"https:\/\/hello.pricelabs.co\/fr\/signup-portfolio-analytics\/#breadcrumb\"},\"inLanguage\":\"fr-FR\",\"potentialAction\":[{\"@type\":\"ReadAction\",\"target\":[\"https:\/\/hello.pricelabs.co\/fr\/signup-portfolio-analytics\/\"]}]},{\"@type\":\"ImageObject\",\"inLanguage\":\"fr-FR\",\"@id\":\"https:\/\/hello.pricelabs.co\/fr\/signup-portfolio-analytics\/#primaryimage\",\"url\":\"https:\/\/hello.pricelabs.co\/wp-content\/uploads\/2023\/06\/Horizontal-_-White-1.svg\",\"contentUrl\":\"https:\/\/hello.pricelabs.co\/wp-content\/uploads\/2023\/06\/Horizontal-_-White-1.svg\"},{\"@type\":\"BreadcrumbList\",\"@id\":\"https:\/\/hello.pricelabs.co\/fr\/signup-portfolio-analytics\/#breadcrumb\",\"itemListElement\":[{\"@type\":\"ListItem\",\"position\":1,\"name\":\"Home\",\"item\":\"https:\/\/hello.pricelabs.co\/fr\/\"},{\"@type\":\"ListItem\",\"position\":2,\"name\":\"S\u2019inscrire Portfolio Analytics\"}]},{\"@type\":\"WebSite\",\"@id\":\"https:\/\/hello.pricelabs.co\/fr\/#website\",\"url\":\"https:\/\/hello.pricelabs.co\/fr\/\",\"name\":\"PriceLabs\",\"description\":\"\",\"publisher\":{\"@id\":\"https:\/\/hello.pricelabs.co\/fr\/#organization\"},\"potentialAction\":[{\"@type\":\"SearchAction\",\"target\":{\"@type\":\"EntryPoint\",\"urlTemplate\":\"https:\/\/hello.pricelabs.co\/fr\/?s={search_term_string}\"},\"query-input\":{\"@type\":\"PropertyValueSpecification\",\"valueRequired\":true,\"valueName\":\"search_term_string\"}}],\"inLanguage\":\"fr-FR\"},{\"@type\":\"Organization\",\"@id\":\"https:\/\/hello.pricelabs.co\/fr\/#organization\",\"name\":\"Pricelabs\",\"url\":\"https:\/\/hello.pricelabs.co\/fr\/\",\"logo\":{\"@type\":\"ImageObject\",\"inLanguage\":\"fr-FR\",\"@id\":\"https:\/\/hello.pricelabs.co\/fr\/#\/schema\/logo\/image\/\",\"url\":\"https:\/\/hello.pricelabs.co\/wp-content\/uploads\/2023\/09\/cropped-Pricelabs-Logo-element.png\",\"contentUrl\":\"https:\/\/hello.pricelabs.co\/wp-content\/uploads\/2023\/09\/cropped-Pricelabs-Logo-element.png\",\"width\":512,\"height\":512,\"caption\":\"Pricelabs\"},\"image\":{\"@id\":\"https:\/\/hello.pricelabs.co\/fr\/#\/schema\/logo\/image\/\"},\"sameAs\":[\"https:\/\/www.facebook.com\/PriceLabs1\/\",\"https:\/\/x.com\/Price_Labs\",\"https:\/\/www.linkedin.com\/company\/pricelabs\/\"]}]}<\/script>\n<!-- \/ Yoast SEO Premium plugin. -->","yoast_head_json":{"title":"S\u2019inscrire \u00e0 Portfolio Analytics | PriceLabs","description":"Utilisez Portfolio Analytics gratuitement Commencez par cr\u00e9er votre compte PriceLabs Commencez votre essai gratuit de 30 jours Pas de carte de cr\u00e9dit. Pas","robots":{"index":"index","follow":"follow","max-snippet":"max-snippet:-1","max-image-preview":"max-image-preview:large","max-video-preview":"max-video-preview:-1"},"canonical":"https:\/\/hello.pricelabs.co\/fr\/signup-portfolio-analytics\/","og_locale":"fr_FR","og_type":"article","og_title":"S\u2019inscrire Portfolio Analytics","og_description":"Utilisez Portfolio Analytics gratuitement Commencez par cr\u00e9er votre compte PriceLabs Commencez votre essai gratuit de 30 jours Pas de carte de cr\u00e9dit. Pas","og_url":"https:\/\/hello.pricelabs.co\/fr\/signup-portfolio-analytics\/","og_site_name":"PriceLabs","article_publisher":"https:\/\/www.facebook.com\/PriceLabs1\/","article_modified_time":"2025-06-12T05:58:58+00:00","og_image":[{"url":"https:\/\/hello.pricelabs.co\/wp-content\/uploads\/2023\/06\/Horizontal-_-White-1.svg","type":"","width":"","height":""}],"twitter_card":"summary_large_image","twitter_site":"@Price_Labs","twitter_misc":{"Dur\u00e9e de lecture estim\u00e9e":"1 minute"},"schema":{"@context":"https:\/\/schema.org","@graph":[{"@type":"WebPage","@id":"https:\/\/hello.pricelabs.co\/fr\/signup-portfolio-analytics\/","url":"https:\/\/hello.pricelabs.co\/fr\/signup-portfolio-analytics\/","name":"S\u2019inscrire \u00e0 Portfolio Analytics | PriceLabs","isPartOf":{"@id":"https:\/\/hello.pricelabs.co\/fr\/#website"},"primaryImageOfPage":{"@id":"https:\/\/hello.pricelabs.co\/fr\/signup-portfolio-analytics\/#primaryimage"},"image":{"@id":"https:\/\/hello.pricelabs.co\/fr\/signup-portfolio-analytics\/#primaryimage"},"thumbnailUrl":"https:\/\/hello.pricelabs.co\/wp-content\/uploads\/2023\/06\/Horizontal-_-White-1.svg","datePublished":"2024-08-07T12:42:55+00:00","dateModified":"2025-06-12T05:58:58+00:00","description":"Utilisez Portfolio Analytics gratuitement Commencez par cr\u00e9er votre compte PriceLabs Commencez votre essai gratuit de 30 jours Pas de carte de cr\u00e9dit. Pas","breadcrumb":{"@id":"https:\/\/hello.pricelabs.co\/fr\/signup-portfolio-analytics\/#breadcrumb"},"inLanguage":"fr-FR","potentialAction":[{"@type":"ReadAction","target":["https:\/\/hello.pricelabs.co\/fr\/signup-portfolio-analytics\/"]}]},{"@type":"ImageObject","inLanguage":"fr-FR","@id":"https:\/\/hello.pricelabs.co\/fr\/signup-portfolio-analytics\/#primaryimage","url":"https:\/\/hello.pricelabs.co\/wp-content\/uploads\/2023\/06\/Horizontal-_-White-1.svg","contentUrl":"https:\/\/hello.pricelabs.co\/wp-content\/uploads\/2023\/06\/Horizontal-_-White-1.svg"},{"@type":"BreadcrumbList","@id":"https:\/\/hello.pricelabs.co\/fr\/signup-portfolio-analytics\/#breadcrumb","itemListElement":[{"@type":"ListItem","position":1,"name":"Home","item":"https:\/\/hello.pricelabs.co\/fr\/"},{"@type":"ListItem","position":2,"name":"S\u2019inscrire Portfolio Analytics"}]},{"@type":"WebSite","@id":"https:\/\/hello.pricelabs.co\/fr\/#website","url":"https:\/\/hello.pricelabs.co\/fr\/","name":"PriceLabs","description":"","publisher":{"@id":"https:\/\/hello.pricelabs.co\/fr\/#organization"},"potentialAction":[{"@type":"SearchAction","target":{"@type":"EntryPoint","urlTemplate":"https:\/\/hello.pricelabs.co\/fr\/?s={search_term_string}"},"query-input":{"@type":"PropertyValueSpecification","valueRequired":true,"valueName":"search_term_string"}}],"inLanguage":"fr-FR"},{"@type":"Organization","@id":"https:\/\/hello.pricelabs.co\/fr\/#organization","name":"Pricelabs","url":"https:\/\/hello.pricelabs.co\/fr\/","logo":{"@type":"ImageObject","inLanguage":"fr-FR","@id":"https:\/\/hello.pricelabs.co\/fr\/#\/schema\/logo\/image\/","url":"https:\/\/hello.pricelabs.co\/wp-content\/uploads\/2023\/09\/cropped-Pricelabs-Logo-element.png","contentUrl":"https:\/\/hello.pricelabs.co\/wp-content\/uploads\/2023\/09\/cropped-Pricelabs-Logo-element.png","width":512,"height":512,"caption":"Pricelabs"},"image":{"@id":"https:\/\/hello.pricelabs.co\/fr\/#\/schema\/logo\/image\/"},"sameAs":["https:\/\/www.facebook.com\/PriceLabs1\/","https:\/\/x.com\/Price_Labs","https:\/\/www.linkedin.com\/company\/pricelabs\/"]}]}},"_links":{"self":[{"href":"https:\/\/hello.pricelabs.co\/fr\/wp-json\/wp\/v2\/pages\/43316","targetHints":{"allow":["GET"]}}],"collection":[{"href":"https:\/\/hello.pricelabs.co\/fr\/wp-json\/wp\/v2\/pages"}],"about":[{"href":"https:\/\/hello.pricelabs.co\/fr\/wp-json\/wp\/v2\/types\/page"}],"author":[{"embeddable":true,"href":"https:\/\/hello.pricelabs.co\/fr\/wp-json\/wp\/v2\/users\/20"}],"replies":[{"embeddable":true,"href":"https:\/\/hello.pricelabs.co\/fr\/wp-json\/wp\/v2\/comments?post=43316"}],"version-history":[{"count":0,"href":"https:\/\/hello.pricelabs.co\/fr\/wp-json\/wp\/v2\/pages\/43316\/revisions"}],"wp:attachment":[{"href":"https:\/\/hello.pricelabs.co\/fr\/wp-json\/wp\/v2\/media?parent=43316"}],"curies":[{"name":"wp","href":"https:\/\/api.w.org\/{rel}","templated":true}]}}