{"id":43304,"date":"2024-08-07T12:59:32","date_gmt":"2024-08-07T12:59:32","guid":{"rendered":"https:\/\/hello.pricelabs.co\/?page_id=43304"},"modified":"2026-02-05T09:03:03","modified_gmt":"2026-02-05T09:03:03","slug":"signup-revenue-estimator-pro","status":"publish","type":"page","link":"https:\/\/hello.pricelabs.co\/pt-br\/signup-revenue-estimator-pro\/","title":{"rendered":"Cadastre-se no Revenue Estimator Pro"},"content":{"rendered":"\t\t<div data-elementor-type=\"wp-page\" data-elementor-id=\"43304\" class=\"elementor elementor-43304 elementor-28190\" wpc-filter-elementor-widget=\"1\" data-elementor-post-type=\"page\">\n\t\t\t\t\t\t<section class=\"elementor-section elementor-top-section elementor-element elementor-element-ea6e309 elementor-section-full_width elementor-hidden-desktop elementor-hidden-tablet elementor-section-height-default elementor-section-height-default\" data-id=\"ea6e309\" data-element_type=\"section\" data-e-type=\"section\" data-settings=\"{&quot;background_background&quot;:&quot;classic&quot;}\">\n\t\t\t\t\t\t<div class=\"elementor-container elementor-column-gap-default\">\n\t\t\t\t\t<div class=\"elementor-column elementor-col-100 elementor-top-column elementor-element elementor-element-06cd44f\" data-id=\"06cd44f\" data-element_type=\"column\" data-e-type=\"column\">\n\t\t\t<div class=\"elementor-widget-wrap elementor-element-populated\">\n\t\t\t\t\t\t<div class=\"elementor-element elementor-element-4171595 elementor-widget elementor-widget-image\" data-id=\"4171595\" data-element_type=\"widget\" data-e-type=\"widget\" data-widget_type=\"image.default\">\n\t\t\t\t\t\t\t\t\t\t\t\t\t\t\t<img decoding=\"async\" width=\"164\" height=\"43\" src=\"https:\/\/hello.pricelabs.co\/wp-content\/uploads\/2023\/06\/Horizontal-_-White-1.svg\" class=\"attachment-full size-full wp-image-19215\" alt=\"\" \/>\t\t\t\t\t\t\t\t\t\t\t\t\t\t\t<\/div>\n\t\t\t\t\t<\/div>\n\t\t<\/div>\n\t\t\t\t\t<\/div>\n\t\t<\/section>\n\t\t\t\t<section class=\"elementor-section elementor-top-section elementor-element elementor-element-f65ebe0 elementor-section-full_width elementor-section-height-full signup_width elementor-section-stretched elementor-section-height-default elementor-section-items-middle\" data-id=\"f65ebe0\" data-element_type=\"section\" data-e-type=\"section\" data-settings=\"{&quot;stretch_section&quot;:&quot;section-stretched&quot;}\">\n\t\t\t\t\t\t<div class=\"elementor-container elementor-column-gap-no\">\n\t\t\t\t\t<div class=\"elementor-column elementor-col-50 elementor-top-column elementor-element elementor-element-b8d8170 elementor-hidden-mobile signup_height\" data-id=\"b8d8170\" data-element_type=\"column\" data-e-type=\"column\" data-settings=\"{&quot;background_background&quot;:&quot;slideshow&quot;,&quot;background_slideshow_gallery&quot;:[{&quot;id&quot;:19133,&quot;url&quot;:&quot;https:\\\/\\\/hello.pricelabs.co\\\/wp-content\\\/uploads\\\/\\\/2023\\\/06\\\/PriceLabs-Login-Bg.svg&quot;}],&quot;background_slideshow_loop&quot;:&quot;yes&quot;,&quot;background_slideshow_slide_duration&quot;:5000,&quot;background_slideshow_slide_transition&quot;:&quot;fade&quot;,&quot;background_slideshow_transition_duration&quot;:500}\">\n\t\t\t<div class=\"elementor-widget-wrap elementor-element-populated\">\n\t\t\t\t\t\t<section class=\"elementor-section elementor-inner-section elementor-element elementor-element-5d263a2 elementor-hidden-mobile elementor-section-boxed elementor-section-height-default elementor-section-height-default\" data-id=\"5d263a2\" data-element_type=\"section\" data-e-type=\"section\">\n\t\t\t\t\t\t<div class=\"elementor-container elementor-column-gap-no\">\n\t\t\t\t\t<div class=\"elementor-column elementor-col-100 elementor-inner-column elementor-element elementor-element-783bed3 elementor-hidden-mobile\" data-id=\"783bed3\" data-element_type=\"column\" data-e-type=\"column\">\n\t\t\t<div class=\"elementor-widget-wrap elementor-element-populated\">\n\t\t\t\t\t\t<div class=\"elementor-element elementor-element-ee8c1d9 elementor-widget elementor-widget-image\" data-id=\"ee8c1d9\" data-element_type=\"widget\" data-e-type=\"widget\" data-widget_type=\"image.default\">\n\t\t\t\t\t\t\t\t\t\t\t\t\t\t\t<img decoding=\"async\" width=\"164\" height=\"43\" src=\"https:\/\/hello.pricelabs.co\/wp-content\/uploads\/2023\/06\/Horizontal-_-White-1.svg\" class=\"attachment-full size-full wp-image-19215\" alt=\"\" \/>\t\t\t\t\t\t\t\t\t\t\t\t\t\t\t<\/div>\n\t\t\t\t<div class=\"elementor-element elementor-element-a32d946 elementor-widget elementor-widget-heading\" data-id=\"a32d946\" data-element_type=\"widget\" data-e-type=\"widget\" data-widget_type=\"heading.default\">\n\t\t\t\t\t<h4 class=\"elementor-heading-title elementor-size-default\"><span style=\"font-weight: normal\">Digite qualquer endere\u00e7o de propriedade no mundo para obter uma  <\/span><\/h4>\t\t\t\t<\/div>\n\t\t\t\t<div class=\"elementor-element elementor-element-520ecbf elementor-widget__width-auto elementor-widget elementor-widget-heading\" data-id=\"520ecbf\" data-element_type=\"widget\" data-e-type=\"widget\" data-widget_type=\"heading.default\">\n\t\t\t\t\t<h2 class=\"elementor-heading-title elementor-size-default\">Estimativa instant\u00e2nea de receita\n<\/h2>\t\t\t\t<\/div>\n\t\t\t\t<div class=\"elementor-element elementor-element-98021ff elementor-widget-divider--view-line elementor-widget elementor-widget-divider\" data-id=\"98021ff\" data-element_type=\"widget\" data-e-type=\"widget\" data-widget_type=\"divider.default\">\n\t\t\t\t\t\t\t<div class=\"elementor-divider\">\n\t\t\t<span class=\"elementor-divider-separator\">\n\t\t\t\t\t\t<\/span>\n\t\t<\/div>\n\t\t\t\t\t\t<\/div>\n\t\t\t\t<div class=\"elementor-element elementor-element-6f37fcf elementor-widget__width-initial elementor-widget elementor-widget-heading\" data-id=\"6f37fcf\" data-element_type=\"widget\" data-e-type=\"widget\" data-widget_type=\"heading.default\">\n\t\t\t\t\t<h4 class=\"elementor-heading-title elementor-size-default\"><span style=\"font-weight: normal\">Refine sua estimativa com localiza\u00e7\u00f5es precisas no mapa e filtros personaliz\u00e1veis para propriedades compar\u00e1veis<\/span><\/h4>\t\t\t\t<\/div>\n\t\t\t\t\t<\/div>\n\t\t<\/div>\n\t\t\t\t\t<\/div>\n\t\t<\/section>\n\t\t\t\t\t<\/div>\n\t\t<\/div>\n\t\t\t\t<div class=\"elementor-column elementor-col-50 elementor-top-column elementor-element elementor-element-56c42c3 signup_height\" data-id=\"56c42c3\" data-element_type=\"column\" data-e-type=\"column\">\n\t\t\t<div class=\"elementor-widget-wrap elementor-element-populated\">\n\t\t\t\t\t\t<div class=\"elementor-element elementor-element-edca573 elementor-widget elementor-widget-heading\" data-id=\"edca573\" data-element_type=\"widget\" data-e-type=\"widget\" data-widget_type=\"heading.default\">\n\t\t\t\t\t<h1 class=\"elementor-heading-title elementor-size-default\">Comece criando sua conta\n<\/h1>\t\t\t\t<\/div>\n\t\t\t\t<div class=\"elementor-element elementor-element-32e0f51 elementor-widget elementor-widget-text-editor\" data-id=\"32e0f51\" data-element_type=\"widget\" data-e-type=\"widget\" data-widget_type=\"text-editor.default\">\n\t\t\t\t\t\t\t\t\t<p>Sem cart\u00f5es de cr\u00e9dito. Sem compromisso <\/p>\n\t\t\t\t\t\t\t\t<\/div>\n\t\t\t\t<div class=\"elementor-element elementor-element-22da27f elementor-widget__width-inherit elementor-widget elementor-widget-html\" data-id=\"22da27f\" data-element_type=\"widget\" data-e-type=\"widget\" data-widget_type=\"html.default\">\n\t\t\t\t\t<div id=\"pricelabs-signup-widget-div\"><\/div> <script>     (function(){var e=document.head||document.getElementsByTagName(\"head\")[0];var s=document.createElement(\"script\");s.type=\"text\/javascript\",s.src=\"https:\/\/api.pricelabs.co\/widgets\/signup_widget?form_for=revenue_estimator\",e.appendChild(s)})() <\/script>\t\t\t\t<\/div>\n\t\t\t\t<div class=\"elementor-element elementor-element-5b3fd89 elementor-widget__width-inherit elementor-widget elementor-widget-text-editor\" data-id=\"5b3fd89\" data-element_type=\"widget\" data-e-type=\"widget\" data-widget_type=\"text-editor.default\">\n\t\t\t\t\t\t\t\t\t<p>J\u00e1 \u00e9 um usu\u00e1rio do PriceLabs? <a class=\"waffle-rich-text-link\" href=\"https:\/\/pricelabs.co\/signin\" data-wpel-link=\"external\" target=\"_blank\" rel=\"external noopener noreferrer\">Entrar<\/a><\/p>\n\t\t\t\t\t\t\t\t<\/div>\n\t\t\t\t<div class=\"elementor-element elementor-element-1ab6f2c elementor-widget__width-initial elementor-hidden-desktop elementor-hidden-tablet elementor-hidden-mobile elementor-widget elementor-widget-text-editor\" data-id=\"1ab6f2c\" data-element_type=\"widget\" data-e-type=\"widget\" data-widget_type=\"text-editor.default\">\n\t\t\t\t\t\t\t\t\t<p>Ao criar uma conta, voc\u00ea concorda com os <a class=\"waffle-rich-text-link\" href=\"https:\/\/hello.pricelabs.co\/tandc\/\" data-wpel-link=\"external\" target=\"_blank\" rel=\"external noopener noreferrer\">Termos de Servi\u00e7o<\/a> e a <a class=\"waffle-rich-text-link\" href=\"https:\/\/hello.pricelabs.co\/privacy-policy\/\" data-wpel-link=\"external\" target=\"_blank\" rel=\"external noopener noreferrer\">Pol\u00edtica de Privacidade<\/a> do PriceLabs.<\/p>\n\t\t\t\t\t\t\t\t<\/div>\n\t\t\t\t\t<\/div>\n\t\t<\/div>\n\t\t\t\t\t<\/div>\n\t\t<\/section>\n\t\t\t\t<\/div>\n\t\t","protected":false},"excerpt":{"rendered":"<p>Digite qualquer endere\u00e7o de propriedade no mundo para obter uma Estimativa instant\u00e2nea de receita Refine sua estimativa com localiza\u00e7\u00f5es precisas no mapa e filtros personaliz\u00e1veis para propriedades compar\u00e1veis Comece criando sua conta Sem cart\u00f5es de cr\u00e9dito. Sem compromisso J\u00e1 \u00e9 um usu\u00e1rio do PriceLabs? Entrar Ao criar uma conta, voc\u00ea concorda com os Termos de [&hellip;]<\/p>\n","protected":false},"author":20,"featured_media":24755,"parent":0,"menu_order":0,"comment_status":"closed","ping_status":"closed","template":"elementor_canvas","meta":{"_acf_changed":false,"_yoast_wpseo_title":"Inscreva-se no Revenue Estimator Pro | PriceLabs","_yoast_wpseo_metadesc":"Digite o endere\u00e7o da propriedade e obtenha uma Estimativa de Receita instant\u00e2nea. Refine o valor com precis\u00e3o no mapa.","om_disable_all_campaigns":false,"inline_featured_image":false,"_lmt_disableupdate":"","_lmt_disable":"","site-sidebar-layout":"no-sidebar","site-content-layout":"page-builder","ast-site-content-layout":"full-width-container","site-content-style":"unboxed","site-sidebar-style":"unboxed","ast-global-header-display":"","ast-banner-title-visibility":"","ast-main-header-display":"","ast-hfb-above-header-display":"","ast-hfb-below-header-display":"","ast-hfb-mobile-header-display":"","site-post-title":"disabled","ast-breadcrumbs-content":"","ast-featured-img":"disabled","footer-sml-layout":"","ast-disable-related-posts":"","theme-transparent-header-meta":"default","adv-header-id-meta":"","stick-header-meta":"","header-above-stick-meta":"","header-main-stick-meta":"","header-below-stick-meta":"","astra-migrate-meta-layouts":"set","ast-page-background-enabled":"default","ast-page-background-meta":{"desktop":{"background-color":"","background-image":"","background-repeat":"repeat","background-position":"center center","background-size":"auto","background-attachment":"scroll","background-type":"","background-media":"","overlay-type":"","overlay-color":"","overlay-opacity":"","overlay-gradient":""},"tablet":{"background-color":"","background-image":"","background-repeat":"repeat","background-position":"center center","background-size":"auto","background-attachment":"scroll","background-type":"","background-media":"","overlay-type":"","overlay-color":"","overlay-opacity":"","overlay-gradient":""},"mobile":{"background-color":"","background-image":"","background-repeat":"repeat","background-position":"center center","background-size":"auto","background-attachment":"scroll","background-type":"","background-media":"","overlay-type":"","overlay-color":"","overlay-opacity":"","overlay-gradient":""}},"ast-content-background-meta":{"desktop":{"background-color":"var(--ast-global-color-5)","background-image":"","background-repeat":"repeat","background-position":"center center","background-size":"auto","background-attachment":"scroll","background-type":"","background-media":"","overlay-type":"","overlay-color":"","overlay-opacity":"","overlay-gradient":""},"tablet":{"background-color":"var(--ast-global-color-5)","background-image":"","background-repeat":"repeat","background-position":"center center","background-size":"auto","background-attachment":"scroll","background-type":"","background-media":"","overlay-type":"","overlay-color":"","overlay-opacity":"","overlay-gradient":""},"mobile":{"background-color":"var(--ast-global-color-5)","background-image":"","background-repeat":"repeat","background-position":"center center","background-size":"auto","background-attachment":"scroll","background-type":"","background-media":"","overlay-type":"","overlay-color":"","overlay-opacity":"","overlay-gradient":""}},"footnotes":""},"class_list":["post-43304","page","type-page","status-publish","has-post-thumbnail","hentry"],"acf":[],"yoast_head":"<!-- This site is optimized with the Yoast SEO Premium plugin v22.8 (Yoast SEO v27.2) - https:\/\/yoast.com\/product\/yoast-seo-premium-wordpress\/ -->\n<title>Inscreva-se no Revenue Estimator Pro | PriceLabs<\/title>\n<meta name=\"description\" content=\"Digite o endere\u00e7o da propriedade e obtenha uma Estimativa de Receita instant\u00e2nea. Refine o valor com precis\u00e3o no mapa.\" \/>\n<meta name=\"robots\" content=\"index, follow, max-snippet:-1, max-image-preview:large, max-video-preview:-1\" \/>\n<link rel=\"canonical\" href=\"https:\/\/hello.pricelabs.co\/pt-br\/signup-revenue-estimator-pro\/\" \/>\n<meta property=\"og:locale\" content=\"pt_BR\" \/>\n<meta property=\"og:type\" content=\"article\" \/>\n<meta property=\"og:title\" content=\"Cadastre-se no Revenue Estimator Pro\" \/>\n<meta property=\"og:description\" content=\"Digite o endere\u00e7o da propriedade e obtenha uma Estimativa de Receita instant\u00e2nea. Refine o valor com precis\u00e3o no mapa.\" \/>\n<meta property=\"og:url\" content=\"https:\/\/hello.pricelabs.co\/pt-br\/signup-revenue-estimator-pro\/\" \/>\n<meta property=\"og:site_name\" content=\"PriceLabs\" \/>\n<meta property=\"article:publisher\" content=\"https:\/\/www.facebook.com\/PriceLabs1\/\" \/>\n<meta property=\"article:modified_time\" content=\"2026-02-05T09:03:03+00:00\" \/>\n<meta name=\"twitter:card\" content=\"summary_large_image\" \/>\n<meta name=\"twitter:site\" content=\"@Price_Labs\" \/>\n<meta name=\"twitter:label1\" content=\"Est. tempo de leitura\" \/>\n\t<meta name=\"twitter:data1\" content=\"1 minuto\" \/>\n<script type=\"application\/ld+json\" class=\"yoast-schema-graph\">{\"@context\":\"https:\/\/schema.org\",\"@graph\":[{\"@type\":\"WebPage\",\"@id\":\"https:\/\/hello.pricelabs.co\/pt-br\/signup-revenue-estimator-pro\/\",\"url\":\"https:\/\/hello.pricelabs.co\/pt-br\/signup-revenue-estimator-pro\/\",\"name\":\"Inscreva-se no Revenue Estimator Pro | PriceLabs\",\"isPartOf\":{\"@id\":\"https:\/\/hello.pricelabs.co\/pt-br\/#website\"},\"primaryImageOfPage\":{\"@id\":\"https:\/\/hello.pricelabs.co\/pt-br\/signup-revenue-estimator-pro\/#primaryimage\"},\"image\":{\"@id\":\"https:\/\/hello.pricelabs.co\/pt-br\/signup-revenue-estimator-pro\/#primaryimage\"},\"thumbnailUrl\":\"https:\/\/hello.pricelabs.co\/wp-content\/uploads\/2023\/11\/Estimates-new-icon.svg\",\"datePublished\":\"2024-08-07T12:59:32+00:00\",\"dateModified\":\"2026-02-05T09:03:03+00:00\",\"description\":\"Digite o endere\u00e7o da propriedade e obtenha uma Estimativa de Receita instant\u00e2nea. Refine o valor com precis\u00e3o no mapa.\",\"breadcrumb\":{\"@id\":\"https:\/\/hello.pricelabs.co\/pt-br\/signup-revenue-estimator-pro\/#breadcrumb\"},\"inLanguage\":\"pt-BR\",\"potentialAction\":[{\"@type\":\"ReadAction\",\"target\":[\"https:\/\/hello.pricelabs.co\/pt-br\/signup-revenue-estimator-pro\/\"]}]},{\"@type\":\"ImageObject\",\"inLanguage\":\"pt-BR\",\"@id\":\"https:\/\/hello.pricelabs.co\/pt-br\/signup-revenue-estimator-pro\/#primaryimage\",\"url\":\"https:\/\/hello.pricelabs.co\/wp-content\/uploads\/2023\/11\/Estimates-new-icon.svg\",\"contentUrl\":\"https:\/\/hello.pricelabs.co\/wp-content\/uploads\/2023\/11\/Estimates-new-icon.svg\",\"width\":30,\"height\":30,\"caption\":\"Estimates icon\"},{\"@type\":\"BreadcrumbList\",\"@id\":\"https:\/\/hello.pricelabs.co\/pt-br\/signup-revenue-estimator-pro\/#breadcrumb\",\"itemListElement\":[{\"@type\":\"ListItem\",\"position\":1,\"name\":\"Home\",\"item\":\"https:\/\/hello.pricelabs.co\/pt-br\/\"},{\"@type\":\"ListItem\",\"position\":2,\"name\":\"Cadastre-se no Revenue Estimator Pro\"}]},{\"@type\":\"WebSite\",\"@id\":\"https:\/\/hello.pricelabs.co\/pt-br\/#website\",\"url\":\"https:\/\/hello.pricelabs.co\/pt-br\/\",\"name\":\"PriceLabs\",\"description\":\"\",\"publisher\":{\"@id\":\"https:\/\/hello.pricelabs.co\/pt-br\/#organization\"},\"potentialAction\":[{\"@type\":\"SearchAction\",\"target\":{\"@type\":\"EntryPoint\",\"urlTemplate\":\"https:\/\/hello.pricelabs.co\/pt-br\/?s={search_term_string}\"},\"query-input\":{\"@type\":\"PropertyValueSpecification\",\"valueRequired\":true,\"valueName\":\"search_term_string\"}}],\"inLanguage\":\"pt-BR\"},{\"@type\":\"Organization\",\"@id\":\"https:\/\/hello.pricelabs.co\/pt-br\/#organization\",\"name\":\"Pricelabs\",\"url\":\"https:\/\/hello.pricelabs.co\/pt-br\/\",\"logo\":{\"@type\":\"ImageObject\",\"inLanguage\":\"pt-BR\",\"@id\":\"https:\/\/hello.pricelabs.co\/pt-br\/#\/schema\/logo\/image\/\",\"url\":\"https:\/\/hello.pricelabs.co\/wp-content\/uploads\/2023\/09\/cropped-Pricelabs-Logo-element.png\",\"contentUrl\":\"https:\/\/hello.pricelabs.co\/wp-content\/uploads\/2023\/09\/cropped-Pricelabs-Logo-element.png\",\"width\":512,\"height\":512,\"caption\":\"Pricelabs\"},\"image\":{\"@id\":\"https:\/\/hello.pricelabs.co\/pt-br\/#\/schema\/logo\/image\/\"},\"sameAs\":[\"https:\/\/www.facebook.com\/PriceLabs1\/\",\"https:\/\/x.com\/Price_Labs\",\"https:\/\/www.linkedin.com\/company\/pricelabs\/\"]}]}<\/script>\n<!-- \/ Yoast SEO Premium plugin. -->","yoast_head_json":{"title":"Inscreva-se no Revenue Estimator Pro | PriceLabs","description":"Digite o endere\u00e7o da propriedade e obtenha uma Estimativa de Receita instant\u00e2nea. Refine o valor com precis\u00e3o no mapa.","robots":{"index":"index","follow":"follow","max-snippet":"max-snippet:-1","max-image-preview":"max-image-preview:large","max-video-preview":"max-video-preview:-1"},"canonical":"https:\/\/hello.pricelabs.co\/pt-br\/signup-revenue-estimator-pro\/","og_locale":"pt_BR","og_type":"article","og_title":"Cadastre-se no Revenue Estimator Pro","og_description":"Digite o endere\u00e7o da propriedade e obtenha uma Estimativa de Receita instant\u00e2nea. Refine o valor com precis\u00e3o no mapa.","og_url":"https:\/\/hello.pricelabs.co\/pt-br\/signup-revenue-estimator-pro\/","og_site_name":"PriceLabs","article_publisher":"https:\/\/www.facebook.com\/PriceLabs1\/","article_modified_time":"2026-02-05T09:03:03+00:00","twitter_card":"summary_large_image","twitter_site":"@Price_Labs","twitter_misc":{"Est. tempo de leitura":"1 minuto"},"schema":{"@context":"https:\/\/schema.org","@graph":[{"@type":"WebPage","@id":"https:\/\/hello.pricelabs.co\/pt-br\/signup-revenue-estimator-pro\/","url":"https:\/\/hello.pricelabs.co\/pt-br\/signup-revenue-estimator-pro\/","name":"Inscreva-se no Revenue Estimator Pro | PriceLabs","isPartOf":{"@id":"https:\/\/hello.pricelabs.co\/pt-br\/#website"},"primaryImageOfPage":{"@id":"https:\/\/hello.pricelabs.co\/pt-br\/signup-revenue-estimator-pro\/#primaryimage"},"image":{"@id":"https:\/\/hello.pricelabs.co\/pt-br\/signup-revenue-estimator-pro\/#primaryimage"},"thumbnailUrl":"https:\/\/hello.pricelabs.co\/wp-content\/uploads\/2023\/11\/Estimates-new-icon.svg","datePublished":"2024-08-07T12:59:32+00:00","dateModified":"2026-02-05T09:03:03+00:00","description":"Digite o endere\u00e7o da propriedade e obtenha uma Estimativa de Receita instant\u00e2nea. Refine o valor com precis\u00e3o no mapa.","breadcrumb":{"@id":"https:\/\/hello.pricelabs.co\/pt-br\/signup-revenue-estimator-pro\/#breadcrumb"},"inLanguage":"pt-BR","potentialAction":[{"@type":"ReadAction","target":["https:\/\/hello.pricelabs.co\/pt-br\/signup-revenue-estimator-pro\/"]}]},{"@type":"ImageObject","inLanguage":"pt-BR","@id":"https:\/\/hello.pricelabs.co\/pt-br\/signup-revenue-estimator-pro\/#primaryimage","url":"https:\/\/hello.pricelabs.co\/wp-content\/uploads\/2023\/11\/Estimates-new-icon.svg","contentUrl":"https:\/\/hello.pricelabs.co\/wp-content\/uploads\/2023\/11\/Estimates-new-icon.svg","width":30,"height":30,"caption":"Estimates icon"},{"@type":"BreadcrumbList","@id":"https:\/\/hello.pricelabs.co\/pt-br\/signup-revenue-estimator-pro\/#breadcrumb","itemListElement":[{"@type":"ListItem","position":1,"name":"Home","item":"https:\/\/hello.pricelabs.co\/pt-br\/"},{"@type":"ListItem","position":2,"name":"Cadastre-se no Revenue Estimator Pro"}]},{"@type":"WebSite","@id":"https:\/\/hello.pricelabs.co\/pt-br\/#website","url":"https:\/\/hello.pricelabs.co\/pt-br\/","name":"PriceLabs","description":"","publisher":{"@id":"https:\/\/hello.pricelabs.co\/pt-br\/#organization"},"potentialAction":[{"@type":"SearchAction","target":{"@type":"EntryPoint","urlTemplate":"https:\/\/hello.pricelabs.co\/pt-br\/?s={search_term_string}"},"query-input":{"@type":"PropertyValueSpecification","valueRequired":true,"valueName":"search_term_string"}}],"inLanguage":"pt-BR"},{"@type":"Organization","@id":"https:\/\/hello.pricelabs.co\/pt-br\/#organization","name":"Pricelabs","url":"https:\/\/hello.pricelabs.co\/pt-br\/","logo":{"@type":"ImageObject","inLanguage":"pt-BR","@id":"https:\/\/hello.pricelabs.co\/pt-br\/#\/schema\/logo\/image\/","url":"https:\/\/hello.pricelabs.co\/wp-content\/uploads\/2023\/09\/cropped-Pricelabs-Logo-element.png","contentUrl":"https:\/\/hello.pricelabs.co\/wp-content\/uploads\/2023\/09\/cropped-Pricelabs-Logo-element.png","width":512,"height":512,"caption":"Pricelabs"},"image":{"@id":"https:\/\/hello.pricelabs.co\/pt-br\/#\/schema\/logo\/image\/"},"sameAs":["https:\/\/www.facebook.com\/PriceLabs1\/","https:\/\/x.com\/Price_Labs","https:\/\/www.linkedin.com\/company\/pricelabs\/"]}]}},"_links":{"self":[{"href":"https:\/\/hello.pricelabs.co\/pt-br\/wp-json\/wp\/v2\/pages\/43304","targetHints":{"allow":["GET"]}}],"collection":[{"href":"https:\/\/hello.pricelabs.co\/pt-br\/wp-json\/wp\/v2\/pages"}],"about":[{"href":"https:\/\/hello.pricelabs.co\/pt-br\/wp-json\/wp\/v2\/types\/page"}],"author":[{"embeddable":true,"href":"https:\/\/hello.pricelabs.co\/pt-br\/wp-json\/wp\/v2\/users\/20"}],"replies":[{"embeddable":true,"href":"https:\/\/hello.pricelabs.co\/pt-br\/wp-json\/wp\/v2\/comments?post=43304"}],"version-history":[{"count":0,"href":"https:\/\/hello.pricelabs.co\/pt-br\/wp-json\/wp\/v2\/pages\/43304\/revisions"}],"wp:featuredmedia":[{"embeddable":true,"href":"https:\/\/hello.pricelabs.co\/pt-br\/wp-json\/wp\/v2\/media\/24755"}],"wp:attachment":[{"href":"https:\/\/hello.pricelabs.co\/pt-br\/wp-json\/wp\/v2\/media?parent=43304"}],"curies":[{"name":"wp","href":"https:\/\/api.w.org\/{rel}","templated":true}]}}