{"id":43312,"date":"2025-02-20T12:47:45","date_gmt":"2025-02-20T12:47:45","guid":{"rendered":"https:\/\/hello.pricelabs.co\/?page_id=43312"},"modified":"2026-02-05T09:22:03","modified_gmt":"2026-02-05T09:22:03","slug":"signup-market-dashboards","status":"publish","type":"page","link":"https:\/\/hello.pricelabs.co\/pt-br\/signup-market-dashboards\/","title":{"rendered":"Market Dashboards de inscri\u00e7\u00e3o"},"content":{"rendered":"\t\t<div data-elementor-type=\"wp-page\" data-elementor-id=\"43312\" class=\"elementor elementor-43312 elementor-28188\" wpc-filter-elementor-widget=\"1\" data-elementor-post-type=\"page\">\n\t\t\t\t\t\t<section class=\"elementor-section elementor-top-section elementor-element elementor-element-ed5ebe1 elementor-section-full_width elementor-hidden-desktop elementor-hidden-tablet elementor-section-height-default elementor-section-height-default\" data-id=\"ed5ebe1\" data-element_type=\"section\" data-e-type=\"section\" data-settings=\"{&quot;background_background&quot;:&quot;classic&quot;}\">\n\t\t\t\t\t\t<div class=\"elementor-container elementor-column-gap-default\">\n\t\t\t\t\t<div class=\"elementor-column elementor-col-100 elementor-top-column elementor-element elementor-element-086f1c7\" data-id=\"086f1c7\" data-element_type=\"column\" data-e-type=\"column\">\n\t\t\t<div class=\"elementor-widget-wrap elementor-element-populated\">\n\t\t\t\t\t\t<div class=\"elementor-element elementor-element-bf47e6b elementor-widget elementor-widget-image\" data-id=\"bf47e6b\" data-element_type=\"widget\" data-e-type=\"widget\" data-widget_type=\"image.default\">\n\t\t\t\t\t\t\t\t\t\t\t\t\t\t\t<img decoding=\"async\" width=\"164\" height=\"43\" src=\"https:\/\/hello.pricelabs.co\/wp-content\/uploads\/2023\/06\/Horizontal-_-White-1.svg\" class=\"attachment-full size-full wp-image-19215\" alt=\"\" \/>\t\t\t\t\t\t\t\t\t\t\t\t\t\t\t<\/div>\n\t\t\t\t\t<\/div>\n\t\t<\/div>\n\t\t\t\t\t<\/div>\n\t\t<\/section>\n\t\t\t\t<section class=\"elementor-section elementor-top-section elementor-element elementor-element-dc40fa4 elementor-section-full_width elementor-section-height-full signup_width elementor-section-stretched elementor-section-height-default elementor-section-items-middle\" data-id=\"dc40fa4\" data-element_type=\"section\" data-e-type=\"section\" data-settings=\"{&quot;stretch_section&quot;:&quot;section-stretched&quot;}\">\n\t\t\t\t\t\t<div class=\"elementor-container elementor-column-gap-no\">\n\t\t\t\t\t<div class=\"elementor-column elementor-col-50 elementor-top-column elementor-element elementor-element-ad09f02 elementor-hidden-mobile signup_height\" data-id=\"ad09f02\" data-element_type=\"column\" data-e-type=\"column\" data-settings=\"{&quot;background_background&quot;:&quot;slideshow&quot;,&quot;background_slideshow_gallery&quot;:[{&quot;id&quot;:19133,&quot;url&quot;:&quot;https:\\\/\\\/hello.pricelabs.co\\\/wp-content\\\/uploads\\\/\\\/2023\\\/06\\\/PriceLabs-Login-Bg.svg&quot;}],&quot;background_slideshow_loop&quot;:&quot;yes&quot;,&quot;background_slideshow_slide_duration&quot;:5000,&quot;background_slideshow_slide_transition&quot;:&quot;fade&quot;,&quot;background_slideshow_transition_duration&quot;:500}\">\n\t\t\t<div class=\"elementor-widget-wrap elementor-element-populated\">\n\t\t\t\t\t\t<div class=\"elementor-element elementor-element-1c50d1e elementor-widget elementor-widget-image\" data-id=\"1c50d1e\" data-element_type=\"widget\" data-e-type=\"widget\" data-widget_type=\"image.default\">\n\t\t\t\t\t\t\t\t\t\t\t\t\t\t\t<img decoding=\"async\" width=\"164\" height=\"43\" src=\"https:\/\/hello.pricelabs.co\/wp-content\/uploads\/2023\/06\/Horizontal-_-White-1.svg\" class=\"attachment-full size-full wp-image-19215\" alt=\"\" \/>\t\t\t\t\t\t\t\t\t\t\t\t\t\t\t<\/div>\n\t\t\t\t<section class=\"elementor-section elementor-inner-section elementor-element elementor-element-79804e1 elementor-hidden-mobile elementor-section-boxed elementor-section-height-default elementor-section-height-default\" data-id=\"79804e1\" data-element_type=\"section\" data-e-type=\"section\">\n\t\t\t\t\t\t<div class=\"elementor-container elementor-column-gap-no\">\n\t\t\t\t\t<div class=\"elementor-column elementor-col-100 elementor-inner-column elementor-element elementor-element-95d93e8 elementor-hidden-mobile\" data-id=\"95d93e8\" data-element_type=\"column\" data-e-type=\"column\">\n\t\t\t<div class=\"elementor-widget-wrap elementor-element-populated\">\n\t\t\t\t\t\t<div class=\"elementor-element elementor-element-984181e elementor-widget elementor-widget-heading\" data-id=\"984181e\" data-element_type=\"widget\" data-e-type=\"widget\" data-widget_type=\"heading.default\">\n\t\t\t\t\t<h5 class=\"elementor-heading-title elementor-size-default\"><span style=\"font-weight: 400\">Acesse a dados abrangentes do Airbnb e VRBO\npara qualquer mercado de aluguel por temporada com<\/span><\/h5>\t\t\t\t<\/div>\n\t\t\t\t<div class=\"elementor-element elementor-element-cc48fae elementor-widget__width-auto elementor-widget elementor-widget-heading\" data-id=\"cc48fae\" data-element_type=\"widget\" data-e-type=\"widget\" data-widget_type=\"heading.default\">\n\t\t\t\t\t<h2 class=\"elementor-heading-title elementor-size-default\">Relat\u00f3rios de dados automatizados\n\n<\/h2>\t\t\t\t<\/div>\n\t\t\t\t<div class=\"elementor-element elementor-element-40968fd elementor-widget-divider--view-line elementor-widget elementor-widget-divider\" data-id=\"40968fd\" data-element_type=\"widget\" data-e-type=\"widget\" data-widget_type=\"divider.default\">\n\t\t\t\t\t\t\t<div class=\"elementor-divider\">\n\t\t\t<span class=\"elementor-divider-separator\">\n\t\t\t\t\t\t<\/span>\n\t\t<\/div>\n\t\t\t\t\t\t<\/div>\n\t\t\t\t<div class=\"elementor-element elementor-element-efdeda0 elementor-widget__width-initial elementor-widget elementor-widget-heading\" data-id=\"efdeda0\" data-element_type=\"widget\" data-e-type=\"widget\" data-widget_type=\"heading.default\">\n\t\t\t\t\t<h4 class=\"elementor-heading-title elementor-size-default\"><span style=\"font-weight: normal\">Avalie seu desempenho com 'Conjuntos de Concorrentes' \u2014 listas personalizadas de propriedades compar\u00e1veis<\/span><\/h4>\t\t\t\t<\/div>\n\t\t\t\t\t<\/div>\n\t\t<\/div>\n\t\t\t\t\t<\/div>\n\t\t<\/section>\n\t\t\t\t\t<\/div>\n\t\t<\/div>\n\t\t\t\t<div class=\"elementor-column elementor-col-50 elementor-top-column elementor-element elementor-element-e9217fe signup_height\" data-id=\"e9217fe\" data-element_type=\"column\" data-e-type=\"column\">\n\t\t\t<div class=\"elementor-widget-wrap elementor-element-populated\">\n\t\t\t\t\t\t<div class=\"elementor-element elementor-element-6fbd8c0 elementor-widget elementor-widget-heading\" data-id=\"6fbd8c0\" data-element_type=\"widget\" data-e-type=\"widget\" data-widget_type=\"heading.default\">\n\t\t\t\t\t<h1 class=\"elementor-heading-title elementor-size-default\">Comece criando sua conta\n<\/h1>\t\t\t\t<\/div>\n\t\t\t\t<div class=\"elementor-element elementor-element-f60edae elementor-widget elementor-widget-text-editor\" data-id=\"f60edae\" data-element_type=\"widget\" data-e-type=\"widget\" data-widget_type=\"text-editor.default\">\n\t\t\t\t\t\t\t\t\t<p>Sem cart\u00f5es de cr\u00e9dito. Sem compromisso <\/p>\n\t\t\t\t\t\t\t\t<\/div>\n\t\t\t\t<div class=\"elementor-element elementor-element-6ae3fde elementor-widget__width-inherit elementor-widget elementor-widget-html\" data-id=\"6ae3fde\" data-element_type=\"widget\" data-e-type=\"widget\" data-widget_type=\"html.default\">\n\t\t\t\t\t<div id=\"pricelabs-signup-widget-div\"><\/div> <script>     (function(){var e=document.head||document.getElementsByTagName(\"head\")[0];var s=document.createElement(\"script\");s.type=\"text\/javascript\",s.src=\"https:\/\/api.pricelabs.co\/widgets\/signup_widget?form_for=market_dashboard\",e.appendChild(s)})() <\/script> \t\t\t\t<\/div>\n\t\t\t\t<div class=\"elementor-element elementor-element-5d84c18 elementor-widget__width-inherit elementor-widget elementor-widget-text-editor\" data-id=\"5d84c18\" data-element_type=\"widget\" data-e-type=\"widget\" data-widget_type=\"text-editor.default\">\n\t\t\t\t\t\t\t\t\t<p>J\u00e1 \u00e9 um usu\u00e1rio do PriceLabs? <a class=\"waffle-rich-text-link\" href=\"https:\/\/pricelabs.co\/signin\" data-wpel-link=\"external\" target=\"_blank\" rel=\"external noopener noreferrer\">Entrar<\/a><\/p>\n\t\t\t\t\t\t\t\t<\/div>\n\t\t\t\t<div class=\"elementor-element elementor-element-5df600d elementor-widget__width-initial elementor-hidden-desktop elementor-hidden-tablet elementor-hidden-mobile elementor-widget elementor-widget-text-editor\" data-id=\"5df600d\" data-element_type=\"widget\" data-e-type=\"widget\" data-widget_type=\"text-editor.default\">\n\t\t\t\t\t\t\t\t\t<p>Ao criar uma conta, voc\u00ea concorda com os <a class=\"waffle-rich-text-link\" href=\"https:\/\/hello.pricelabs.co\/tandc\/\" data-wpel-link=\"external\" target=\"_blank\" rel=\"external noopener noreferrer\">Termos de Servi\u00e7o<\/a> e a <a class=\"waffle-rich-text-link\" href=\"https:\/\/hello.pricelabs.co\/privacy-policy\/\" data-wpel-link=\"external\" target=\"_blank\" rel=\"external noopener noreferrer\">Pol\u00edtica de Privacidade<\/a> do PriceLabs.<\/p>\n\t\t\t\t\t\t\t\t<\/div>\n\t\t\t\t\t<\/div>\n\t\t<\/div>\n\t\t\t\t\t<\/div>\n\t\t<\/section>\n\t\t\t\t<\/div>\n\t\t","protected":false},"excerpt":{"rendered":"<p>Acesse a dados abrangentes do Airbnb e VRBO para qualquer mercado de aluguel por temporada com Relat\u00f3rios de dados automatizados Avalie seu desempenho com &#8216;Conjuntos de Concorrentes&#8217; \u2014 listas personalizadas de propriedades compar\u00e1veis Comece criando sua conta Sem cart\u00f5es de cr\u00e9dito. Sem compromisso J\u00e1 \u00e9 um usu\u00e1rio do PriceLabs? Entrar Ao criar uma conta, voc\u00ea [&hellip;]<\/p>\n","protected":false},"author":20,"featured_media":66728,"parent":0,"menu_order":0,"comment_status":"closed","ping_status":"closed","template":"elementor_canvas","meta":{"_acf_changed":false,"_yoast_wpseo_title":"Inscreva-se no Market Dashboard | PriceLabs","_yoast_wpseo_metadesc":"Avalie seu desempenho no aluguel por temporada! Acesse dados abrangentes de Airbnb e VRBO e receba relat\u00f3rios autom\u00e1ticos de mercado.","om_disable_all_campaigns":false,"inline_featured_image":false,"_lmt_disableupdate":"","_lmt_disable":"","site-sidebar-layout":"no-sidebar","site-content-layout":"page-builder","ast-site-content-layout":"full-width-container","site-content-style":"unboxed","site-sidebar-style":"unboxed","ast-global-header-display":"","ast-banner-title-visibility":"","ast-main-header-display":"","ast-hfb-above-header-display":"","ast-hfb-below-header-display":"","ast-hfb-mobile-header-display":"","site-post-title":"disabled","ast-breadcrumbs-content":"","ast-featured-img":"disabled","footer-sml-layout":"","ast-disable-related-posts":"","theme-transparent-header-meta":"default","adv-header-id-meta":"","stick-header-meta":"","header-above-stick-meta":"","header-main-stick-meta":"","header-below-stick-meta":"","astra-migrate-meta-layouts":"set","ast-page-background-enabled":"default","ast-page-background-meta":{"desktop":{"background-color":"","background-image":"","background-repeat":"repeat","background-position":"center center","background-size":"auto","background-attachment":"scroll","background-type":"","background-media":"","overlay-type":"","overlay-color":"","overlay-opacity":"","overlay-gradient":""},"tablet":{"background-color":"","background-image":"","background-repeat":"repeat","background-position":"center center","background-size":"auto","background-attachment":"scroll","background-type":"","background-media":"","overlay-type":"","overlay-color":"","overlay-opacity":"","overlay-gradient":""},"mobile":{"background-color":"","background-image":"","background-repeat":"repeat","background-position":"center center","background-size":"auto","background-attachment":"scroll","background-type":"","background-media":"","overlay-type":"","overlay-color":"","overlay-opacity":"","overlay-gradient":""}},"ast-content-background-meta":{"desktop":{"background-color":"var(--ast-global-color-5)","background-image":"","background-repeat":"repeat","background-position":"center center","background-size":"auto","background-attachment":"scroll","background-type":"","background-media":"","overlay-type":"","overlay-color":"","overlay-opacity":"","overlay-gradient":""},"tablet":{"background-color":"var(--ast-global-color-5)","background-image":"","background-repeat":"repeat","background-position":"center center","background-size":"auto","background-attachment":"scroll","background-type":"","background-media":"","overlay-type":"","overlay-color":"","overlay-opacity":"","overlay-gradient":""},"mobile":{"background-color":"var(--ast-global-color-5)","background-image":"","background-repeat":"repeat","background-position":"center center","background-size":"auto","background-attachment":"scroll","background-type":"","background-media":"","overlay-type":"","overlay-color":"","overlay-opacity":"","overlay-gradient":""}},"footnotes":""},"class_list":["post-43312","page","type-page","status-publish","has-post-thumbnail","hentry"],"acf":[],"yoast_head":"<!-- This site is optimized with the Yoast SEO Premium plugin v22.8 (Yoast SEO v27.2) - https:\/\/yoast.com\/product\/yoast-seo-premium-wordpress\/ -->\n<title>Inscreva-se no Market Dashboard | PriceLabs<\/title>\n<meta name=\"description\" content=\"Avalie seu desempenho no aluguel por temporada! Acesse dados abrangentes de Airbnb e VRBO e receba relat\u00f3rios autom\u00e1ticos de mercado.\" \/>\n<meta name=\"robots\" content=\"index, follow, max-snippet:-1, max-image-preview:large, max-video-preview:-1\" \/>\n<link rel=\"canonical\" href=\"https:\/\/hello.pricelabs.co\/pt-br\/signup-market-dashboards\/\" \/>\n<meta property=\"og:locale\" content=\"pt_BR\" \/>\n<meta property=\"og:type\" content=\"article\" \/>\n<meta property=\"og:title\" content=\"Market Dashboards de inscri\u00e7\u00e3o\" \/>\n<meta property=\"og:description\" content=\"Avalie seu desempenho no aluguel por temporada! Acesse dados abrangentes de Airbnb e VRBO e receba relat\u00f3rios autom\u00e1ticos de mercado.\" \/>\n<meta property=\"og:url\" content=\"https:\/\/hello.pricelabs.co\/pt-br\/signup-market-dashboards\/\" \/>\n<meta property=\"og:site_name\" content=\"PriceLabs\" \/>\n<meta property=\"article:publisher\" content=\"https:\/\/www.facebook.com\/PriceLabs1\/\" \/>\n<meta property=\"article:modified_time\" content=\"2026-02-05T09:22:03+00:00\" \/>\n<meta property=\"og:image\" content=\"https:\/\/hello.pricelabs.co\/wp-content\/uploads\/2025\/01\/Ready-to-View-Market-Dashboard.webp\" \/>\n\t<meta property=\"og:image:width\" content=\"1996\" \/>\n\t<meta property=\"og:image:height\" content=\"1185\" \/>\n\t<meta property=\"og:image:type\" content=\"image\/webp\" \/>\n<meta name=\"twitter:card\" content=\"summary_large_image\" \/>\n<meta name=\"twitter:site\" content=\"@Price_Labs\" \/>\n<meta name=\"twitter:label1\" content=\"Est. tempo de leitura\" \/>\n\t<meta name=\"twitter:data1\" content=\"1 minuto\" \/>\n<script type=\"application\/ld+json\" class=\"yoast-schema-graph\">{\"@context\":\"https:\/\/schema.org\",\"@graph\":[{\"@type\":\"WebPage\",\"@id\":\"https:\/\/hello.pricelabs.co\/pt-br\/signup-market-dashboards\/\",\"url\":\"https:\/\/hello.pricelabs.co\/pt-br\/signup-market-dashboards\/\",\"name\":\"Inscreva-se no Market Dashboard | PriceLabs\",\"isPartOf\":{\"@id\":\"https:\/\/hello.pricelabs.co\/pt-br\/#website\"},\"primaryImageOfPage\":{\"@id\":\"https:\/\/hello.pricelabs.co\/pt-br\/signup-market-dashboards\/#primaryimage\"},\"image\":{\"@id\":\"https:\/\/hello.pricelabs.co\/pt-br\/signup-market-dashboards\/#primaryimage\"},\"thumbnailUrl\":\"https:\/\/hello.pricelabs.co\/wp-content\/uploads\/2025\/01\/Ready-to-View-Market-Dashboard.webp\",\"datePublished\":\"2025-02-20T12:47:45+00:00\",\"dateModified\":\"2026-02-05T09:22:03+00:00\",\"description\":\"Avalie seu desempenho no aluguel por temporada! Acesse dados abrangentes de Airbnb e VRBO e receba relat\u00f3rios autom\u00e1ticos de mercado.\",\"breadcrumb\":{\"@id\":\"https:\/\/hello.pricelabs.co\/pt-br\/signup-market-dashboards\/#breadcrumb\"},\"inLanguage\":\"pt-BR\",\"potentialAction\":[{\"@type\":\"ReadAction\",\"target\":[\"https:\/\/hello.pricelabs.co\/pt-br\/signup-market-dashboards\/\"]}]},{\"@type\":\"ImageObject\",\"inLanguage\":\"pt-BR\",\"@id\":\"https:\/\/hello.pricelabs.co\/pt-br\/signup-market-dashboards\/#primaryimage\",\"url\":\"https:\/\/hello.pricelabs.co\/wp-content\/uploads\/2025\/01\/Ready-to-View-Market-Dashboard.webp\",\"contentUrl\":\"https:\/\/hello.pricelabs.co\/wp-content\/uploads\/2025\/01\/Ready-to-View-Market-Dashboard.webp\",\"width\":1996,\"height\":1185,\"caption\":\"Ready-to-View Market Dashboard\"},{\"@type\":\"BreadcrumbList\",\"@id\":\"https:\/\/hello.pricelabs.co\/pt-br\/signup-market-dashboards\/#breadcrumb\",\"itemListElement\":[{\"@type\":\"ListItem\",\"position\":1,\"name\":\"Home\",\"item\":\"https:\/\/hello.pricelabs.co\/pt-br\/\"},{\"@type\":\"ListItem\",\"position\":2,\"name\":\"Market Dashboards de inscri\u00e7\u00e3o\"}]},{\"@type\":\"WebSite\",\"@id\":\"https:\/\/hello.pricelabs.co\/pt-br\/#website\",\"url\":\"https:\/\/hello.pricelabs.co\/pt-br\/\",\"name\":\"PriceLabs\",\"description\":\"\",\"publisher\":{\"@id\":\"https:\/\/hello.pricelabs.co\/pt-br\/#organization\"},\"potentialAction\":[{\"@type\":\"SearchAction\",\"target\":{\"@type\":\"EntryPoint\",\"urlTemplate\":\"https:\/\/hello.pricelabs.co\/pt-br\/?s={search_term_string}\"},\"query-input\":{\"@type\":\"PropertyValueSpecification\",\"valueRequired\":true,\"valueName\":\"search_term_string\"}}],\"inLanguage\":\"pt-BR\"},{\"@type\":\"Organization\",\"@id\":\"https:\/\/hello.pricelabs.co\/pt-br\/#organization\",\"name\":\"Pricelabs\",\"url\":\"https:\/\/hello.pricelabs.co\/pt-br\/\",\"logo\":{\"@type\":\"ImageObject\",\"inLanguage\":\"pt-BR\",\"@id\":\"https:\/\/hello.pricelabs.co\/pt-br\/#\/schema\/logo\/image\/\",\"url\":\"https:\/\/hello.pricelabs.co\/wp-content\/uploads\/2023\/09\/cropped-Pricelabs-Logo-element.png\",\"contentUrl\":\"https:\/\/hello.pricelabs.co\/wp-content\/uploads\/2023\/09\/cropped-Pricelabs-Logo-element.png\",\"width\":512,\"height\":512,\"caption\":\"Pricelabs\"},\"image\":{\"@id\":\"https:\/\/hello.pricelabs.co\/pt-br\/#\/schema\/logo\/image\/\"},\"sameAs\":[\"https:\/\/www.facebook.com\/PriceLabs1\/\",\"https:\/\/x.com\/Price_Labs\",\"https:\/\/www.linkedin.com\/company\/pricelabs\/\"]}]}<\/script>\n<!-- \/ Yoast SEO Premium plugin. -->","yoast_head_json":{"title":"Inscreva-se no Market Dashboard | PriceLabs","description":"Avalie seu desempenho no aluguel por temporada! Acesse dados abrangentes de Airbnb e VRBO e receba relat\u00f3rios autom\u00e1ticos de mercado.","robots":{"index":"index","follow":"follow","max-snippet":"max-snippet:-1","max-image-preview":"max-image-preview:large","max-video-preview":"max-video-preview:-1"},"canonical":"https:\/\/hello.pricelabs.co\/pt-br\/signup-market-dashboards\/","og_locale":"pt_BR","og_type":"article","og_title":"Market Dashboards de inscri\u00e7\u00e3o","og_description":"Avalie seu desempenho no aluguel por temporada! Acesse dados abrangentes de Airbnb e VRBO e receba relat\u00f3rios autom\u00e1ticos de mercado.","og_url":"https:\/\/hello.pricelabs.co\/pt-br\/signup-market-dashboards\/","og_site_name":"PriceLabs","article_publisher":"https:\/\/www.facebook.com\/PriceLabs1\/","article_modified_time":"2026-02-05T09:22:03+00:00","og_image":[{"width":1996,"height":1185,"url":"https:\/\/hello.pricelabs.co\/wp-content\/uploads\/2025\/01\/Ready-to-View-Market-Dashboard.webp","type":"image\/webp"}],"twitter_card":"summary_large_image","twitter_site":"@Price_Labs","twitter_misc":{"Est. tempo de leitura":"1 minuto"},"schema":{"@context":"https:\/\/schema.org","@graph":[{"@type":"WebPage","@id":"https:\/\/hello.pricelabs.co\/pt-br\/signup-market-dashboards\/","url":"https:\/\/hello.pricelabs.co\/pt-br\/signup-market-dashboards\/","name":"Inscreva-se no Market Dashboard | PriceLabs","isPartOf":{"@id":"https:\/\/hello.pricelabs.co\/pt-br\/#website"},"primaryImageOfPage":{"@id":"https:\/\/hello.pricelabs.co\/pt-br\/signup-market-dashboards\/#primaryimage"},"image":{"@id":"https:\/\/hello.pricelabs.co\/pt-br\/signup-market-dashboards\/#primaryimage"},"thumbnailUrl":"https:\/\/hello.pricelabs.co\/wp-content\/uploads\/2025\/01\/Ready-to-View-Market-Dashboard.webp","datePublished":"2025-02-20T12:47:45+00:00","dateModified":"2026-02-05T09:22:03+00:00","description":"Avalie seu desempenho no aluguel por temporada! Acesse dados abrangentes de Airbnb e VRBO e receba relat\u00f3rios autom\u00e1ticos de mercado.","breadcrumb":{"@id":"https:\/\/hello.pricelabs.co\/pt-br\/signup-market-dashboards\/#breadcrumb"},"inLanguage":"pt-BR","potentialAction":[{"@type":"ReadAction","target":["https:\/\/hello.pricelabs.co\/pt-br\/signup-market-dashboards\/"]}]},{"@type":"ImageObject","inLanguage":"pt-BR","@id":"https:\/\/hello.pricelabs.co\/pt-br\/signup-market-dashboards\/#primaryimage","url":"https:\/\/hello.pricelabs.co\/wp-content\/uploads\/2025\/01\/Ready-to-View-Market-Dashboard.webp","contentUrl":"https:\/\/hello.pricelabs.co\/wp-content\/uploads\/2025\/01\/Ready-to-View-Market-Dashboard.webp","width":1996,"height":1185,"caption":"Ready-to-View Market Dashboard"},{"@type":"BreadcrumbList","@id":"https:\/\/hello.pricelabs.co\/pt-br\/signup-market-dashboards\/#breadcrumb","itemListElement":[{"@type":"ListItem","position":1,"name":"Home","item":"https:\/\/hello.pricelabs.co\/pt-br\/"},{"@type":"ListItem","position":2,"name":"Market Dashboards de inscri\u00e7\u00e3o"}]},{"@type":"WebSite","@id":"https:\/\/hello.pricelabs.co\/pt-br\/#website","url":"https:\/\/hello.pricelabs.co\/pt-br\/","name":"PriceLabs","description":"","publisher":{"@id":"https:\/\/hello.pricelabs.co\/pt-br\/#organization"},"potentialAction":[{"@type":"SearchAction","target":{"@type":"EntryPoint","urlTemplate":"https:\/\/hello.pricelabs.co\/pt-br\/?s={search_term_string}"},"query-input":{"@type":"PropertyValueSpecification","valueRequired":true,"valueName":"search_term_string"}}],"inLanguage":"pt-BR"},{"@type":"Organization","@id":"https:\/\/hello.pricelabs.co\/pt-br\/#organization","name":"Pricelabs","url":"https:\/\/hello.pricelabs.co\/pt-br\/","logo":{"@type":"ImageObject","inLanguage":"pt-BR","@id":"https:\/\/hello.pricelabs.co\/pt-br\/#\/schema\/logo\/image\/","url":"https:\/\/hello.pricelabs.co\/wp-content\/uploads\/2023\/09\/cropped-Pricelabs-Logo-element.png","contentUrl":"https:\/\/hello.pricelabs.co\/wp-content\/uploads\/2023\/09\/cropped-Pricelabs-Logo-element.png","width":512,"height":512,"caption":"Pricelabs"},"image":{"@id":"https:\/\/hello.pricelabs.co\/pt-br\/#\/schema\/logo\/image\/"},"sameAs":["https:\/\/www.facebook.com\/PriceLabs1\/","https:\/\/x.com\/Price_Labs","https:\/\/www.linkedin.com\/company\/pricelabs\/"]}]}},"_links":{"self":[{"href":"https:\/\/hello.pricelabs.co\/pt-br\/wp-json\/wp\/v2\/pages\/43312","targetHints":{"allow":["GET"]}}],"collection":[{"href":"https:\/\/hello.pricelabs.co\/pt-br\/wp-json\/wp\/v2\/pages"}],"about":[{"href":"https:\/\/hello.pricelabs.co\/pt-br\/wp-json\/wp\/v2\/types\/page"}],"author":[{"embeddable":true,"href":"https:\/\/hello.pricelabs.co\/pt-br\/wp-json\/wp\/v2\/users\/20"}],"replies":[{"embeddable":true,"href":"https:\/\/hello.pricelabs.co\/pt-br\/wp-json\/wp\/v2\/comments?post=43312"}],"version-history":[{"count":0,"href":"https:\/\/hello.pricelabs.co\/pt-br\/wp-json\/wp\/v2\/pages\/43312\/revisions"}],"wp:featuredmedia":[{"embeddable":true,"href":"https:\/\/hello.pricelabs.co\/pt-br\/wp-json\/wp\/v2\/media\/66728"}],"wp:attachment":[{"href":"https:\/\/hello.pricelabs.co\/pt-br\/wp-json\/wp\/v2\/media?parent=43312"}],"curies":[{"name":"wp","href":"https:\/\/api.w.org\/{rel}","templated":true}]}}