{"id":50973,"date":"2024-09-12T09:02:36","date_gmt":"2024-09-12T09:02:36","guid":{"rendered":"https:\/\/hello.pricelabs.co\/?page_id=50973"},"modified":"2026-02-05T09:23:18","modified_gmt":"2026-02-05T09:23:18","slug":"inscrever-se-hoteis","status":"publish","type":"page","link":"https:\/\/hello.pricelabs.co\/pt-br\/inscrever-se-hoteis\/","title":{"rendered":"Inscrever-se Hot\u00e9is"},"content":{"rendered":"\t\t<div data-elementor-type=\"wp-page\" data-elementor-id=\"50973\" class=\"elementor elementor-50973 elementor-44839\" wpc-filter-elementor-widget=\"1\" data-elementor-post-type=\"page\">\n\t\t\t\t\t\t<section class=\"elementor-section elementor-top-section elementor-element elementor-element-d180777 elementor-section-full_width elementor-hidden-desktop elementor-hidden-tablet elementor-section-height-default elementor-section-height-default\" data-id=\"d180777\" data-element_type=\"section\" data-e-type=\"section\" data-settings=\"{&quot;background_background&quot;:&quot;classic&quot;}\">\n\t\t\t\t\t\t<div class=\"elementor-container elementor-column-gap-default\">\n\t\t\t\t\t<div class=\"elementor-column elementor-col-100 elementor-top-column elementor-element elementor-element-967bf6b\" data-id=\"967bf6b\" data-element_type=\"column\" data-e-type=\"column\">\n\t\t\t<div class=\"elementor-widget-wrap elementor-element-populated\">\n\t\t\t\t\t\t<div class=\"elementor-element elementor-element-6ee3b65 elementor-widget elementor-widget-image\" data-id=\"6ee3b65\" data-element_type=\"widget\" data-e-type=\"widget\" data-widget_type=\"image.default\">\n\t\t\t\t\t\t\t\t\t\t\t\t\t\t\t<img decoding=\"async\" width=\"164\" height=\"43\" src=\"https:\/\/hello.pricelabs.co\/wp-content\/uploads\/2023\/06\/Horizontal-_-White-1.svg\" class=\"attachment-full size-full wp-image-19215\" alt=\"\" \/>\t\t\t\t\t\t\t\t\t\t\t\t\t\t\t<\/div>\n\t\t\t\t\t<\/div>\n\t\t<\/div>\n\t\t\t\t\t<\/div>\n\t\t<\/section>\n\t\t\t\t<section class=\"elementor-section elementor-top-section elementor-element elementor-element-e01a9f0 elementor-section-full_width elementor-section-height-full signup_width elementor-section-height-default elementor-section-items-middle\" data-id=\"e01a9f0\" data-element_type=\"section\" data-e-type=\"section\">\n\t\t\t\t\t\t<div class=\"elementor-container elementor-column-gap-no\">\n\t\t\t\t\t<div class=\"elementor-column elementor-col-50 elementor-top-column elementor-element elementor-element-a354faf elementor-hidden-mobile signup_height\" data-id=\"a354faf\" data-element_type=\"column\" data-e-type=\"column\" data-settings=\"{&quot;background_background&quot;:&quot;slideshow&quot;,&quot;background_slideshow_gallery&quot;:[{&quot;id&quot;:19133,&quot;url&quot;:&quot;https:\\\/\\\/hello.pricelabs.co\\\/wp-content\\\/uploads\\\/\\\/2023\\\/06\\\/PriceLabs-Login-Bg.svg&quot;}],&quot;background_slideshow_loop&quot;:&quot;yes&quot;,&quot;background_slideshow_slide_duration&quot;:5000,&quot;background_slideshow_slide_transition&quot;:&quot;fade&quot;,&quot;background_slideshow_transition_duration&quot;:500}\">\n\t\t\t<div class=\"elementor-widget-wrap elementor-element-populated\">\n\t\t\t\t\t\t<section class=\"elementor-section elementor-inner-section elementor-element elementor-element-4d23aa1 elementor-hidden-mobile elementor-section-boxed elementor-section-height-default elementor-section-height-default\" data-id=\"4d23aa1\" data-element_type=\"section\" data-e-type=\"section\">\n\t\t\t\t\t\t<div class=\"elementor-container elementor-column-gap-no\">\n\t\t\t\t\t<div class=\"elementor-column elementor-col-100 elementor-inner-column elementor-element elementor-element-afda8a8 elementor-hidden-mobile\" data-id=\"afda8a8\" data-element_type=\"column\" data-e-type=\"column\">\n\t\t\t<div class=\"elementor-widget-wrap elementor-element-populated\">\n\t\t\t\t\t\t<div class=\"elementor-element elementor-element-22f7f18 elementor-widget elementor-widget-image\" data-id=\"22f7f18\" data-element_type=\"widget\" data-e-type=\"widget\" data-widget_type=\"image.default\">\n\t\t\t\t\t\t\t\t\t\t\t\t\t\t\t<img decoding=\"async\" width=\"164\" height=\"43\" src=\"https:\/\/hello.pricelabs.co\/wp-content\/uploads\/2023\/06\/Horizontal-_-White-1.svg\" class=\"attachment-full size-full wp-image-19215\" alt=\"\" \/>\t\t\t\t\t\t\t\t\t\t\t\t\t\t\t<\/div>\n\t\t\t\t<div class=\"elementor-element elementor-element-737129f elementor-widget elementor-widget-heading\" data-id=\"737129f\" data-element_type=\"widget\" data-e-type=\"widget\" data-widget_type=\"heading.default\">\n\t\t\t\t\t<h5 class=\"elementor-heading-title elementor-size-default\"><span style=\"font-weight: normal\">Maximize a receita do seu hotel com<\/span><\/h5>\t\t\t\t<\/div>\n\t\t\t\t<div class=\"elementor-element elementor-element-eb6cc97 elementor-widget__width-auto elementor-widget elementor-widget-heading\" data-id=\"eb6cc97\" data-element_type=\"widget\" data-e-type=\"widget\" data-widget_type=\"heading.default\">\n\t\t\t\t\t<h2 class=\"elementor-heading-title elementor-size-default\">Estrat\u00e9gias de pre\u00e7os automatizadas  <\/h2>\t\t\t\t<\/div>\n\t\t\t\t<div class=\"elementor-element elementor-element-2652b77 elementor-widget__width-initial elementor-widget elementor-widget-heading\" data-id=\"2652b77\" data-element_type=\"widget\" data-e-type=\"widget\" data-widget_type=\"heading.default\">\n\t\t\t\t\t<h4 class=\"elementor-heading-title elementor-size-default\"><span style=\"font-weight: normal\">Supere sua concorr\u00eancia com os pre\u00e7os orientados por dados da PriceLabs <\/span><\/h4>\t\t\t\t<\/div>\n\t\t\t\t\t<\/div>\n\t\t<\/div>\n\t\t\t\t\t<\/div>\n\t\t<\/section>\n\t\t\t\t\t<\/div>\n\t\t<\/div>\n\t\t\t\t<div class=\"elementor-column elementor-col-50 elementor-top-column elementor-element elementor-element-04df4b9 signup_height\" data-id=\"04df4b9\" data-element_type=\"column\" data-e-type=\"column\">\n\t\t\t<div class=\"elementor-widget-wrap elementor-element-populated\">\n\t\t\t\t\t\t<div class=\"elementor-element elementor-element-3aba663 elementor-widget elementor-widget-heading\" data-id=\"3aba663\" data-element_type=\"widget\" data-e-type=\"widget\" data-widget_type=\"heading.default\">\n\t\t\t\t\t<h1 class=\"elementor-heading-title elementor-size-default\">Comece seu teste gr\u00e1tis de 30 dias<\/h1>\t\t\t\t<\/div>\n\t\t\t\t<div class=\"elementor-element elementor-element-ab93412 elementor-widget elementor-widget-text-editor\" data-id=\"ab93412\" data-element_type=\"widget\" data-e-type=\"widget\" data-widget_type=\"text-editor.default\">\n\t\t\t\t\t\t\t\t\t<p>Sem cart\u00f5es de cr\u00e9dito. Sem compromisso <\/p>\n\t\t\t\t\t\t\t\t<\/div>\n\t\t\t\t<div class=\"elementor-element elementor-element-fd2396d elementor-widget__width-inherit elementor-widget elementor-widget-html\" data-id=\"fd2396d\" data-element_type=\"widget\" data-e-type=\"widget\" data-widget_type=\"html.default\">\n\t\t\t\t\t<div id=\"pricelabs-signup-widget-div\"><\/div>\n <script> \n     (function(){var e=document.head||document.getElementsByTagName(\"head\")[0];var s=document.createElement(\"script\");s.type=\"text\/javascript\",s.src=\"https:\/\/api.pricelabs.co\/widgets\/signup_widget?form_for=dynamic_pricing_hotels\",e.appendChild(s)})()\n      <\/script> \t\t\t\t<\/div>\n\t\t\t\t<div class=\"elementor-element elementor-element-8c78e1b elementor-widget__width-inherit elementor-widget elementor-widget-text-editor\" data-id=\"8c78e1b\" data-element_type=\"widget\" data-e-type=\"widget\" data-widget_type=\"text-editor.default\">\n\t\t\t\t\t\t\t\t\t<p>J\u00e1 \u00e9 usu\u00e1rio PriceLabs ?  <a class=\"waffle-rich-text-link\" href=\"https:\/\/pricelabs.co\/signin\" data-wpel-link=\"external\" target=\"_blank\" rel=\"external noopener noreferrer\">Entrar<\/a><\/p>\n\t\t\t\t\t\t\t\t<\/div>\n\t\t\t\t<div class=\"elementor-element elementor-element-d2510f4 elementor-widget__width-initial elementor-hidden-desktop elementor-hidden-tablet elementor-hidden-mobile elementor-widget elementor-widget-text-editor\" data-id=\"d2510f4\" data-element_type=\"widget\" data-e-type=\"widget\" data-widget_type=\"text-editor.default\">\n\t\t\t\t\t\t\t\t\t<p>Ao criar uma conta, voc\u00ea concorda com os <a class=\"waffle-rich-text-link\" href=\"https:\/\/hello.pricelabs.co\/tandc\/\" data-wpel-link=\"external\" target=\"_blank\" rel=\"external noopener noreferrer\">Termos de Servi\u00e7o<\/a> e a Pol\u00edtica de <a class=\"waffle-rich-text-link\" href=\"https:\/\/hello.pricelabs.co\/privacy-policy\/\" data-wpel-link=\"external\" target=\"_blank\" rel=\"external noopener noreferrer\">Privacidade<\/a> PriceLabs.<\/p>\n\t\t\t\t\t\t\t\t<\/div>\n\t\t\t\t\t<\/div>\n\t\t<\/div>\n\t\t\t\t\t<\/div>\n\t\t<\/section>\n\t\t\t\t<\/div>\n\t\t","protected":false},"excerpt":{"rendered":"<p>Maximize a receita do seu hotel com Estrat\u00e9gias de pre\u00e7os automatizadas Supere sua concorr\u00eancia com os pre\u00e7os orientados por dados da PriceLabs Comece seu teste gr\u00e1tis de 30 dias Sem cart\u00f5es de cr\u00e9dito. Sem compromisso J\u00e1 \u00e9 usu\u00e1rio PriceLabs ? Entrar Ao criar uma conta, voc\u00ea concorda com os Termos de Servi\u00e7o e a Pol\u00edtica [&hellip;]<\/p>\n","protected":false},"author":20,"featured_media":67374,"parent":0,"menu_order":0,"comment_status":"closed","ping_status":"closed","template":"elementor_canvas","meta":{"_acf_changed":false,"_yoast_wpseo_title":"PriceLabs Inscri\u00e7\u00e3o","_yoast_wpseo_metadesc":"Maximize a receita do seu hotel. Supere a concorr\u00eancia com pre\u00e7os automatizados e dados da PriceLabs.","om_disable_all_campaigns":false,"inline_featured_image":false,"_lmt_disableupdate":"","_lmt_disable":"","site-sidebar-layout":"no-sidebar","site-content-layout":"page-builder","ast-site-content-layout":"full-width-container","site-content-style":"default","site-sidebar-style":"default","ast-global-header-display":"","ast-banner-title-visibility":"","ast-main-header-display":"","ast-hfb-above-header-display":"","ast-hfb-below-header-display":"","ast-hfb-mobile-header-display":"","site-post-title":"disabled","ast-breadcrumbs-content":"","ast-featured-img":"disabled","footer-sml-layout":"","ast-disable-related-posts":"","theme-transparent-header-meta":"","adv-header-id-meta":"","stick-header-meta":"","header-above-stick-meta":"","header-main-stick-meta":"","header-below-stick-meta":"","astra-migrate-meta-layouts":"set","ast-page-background-enabled":"default","ast-page-background-meta":{"desktop":{"background-color":"","background-image":"","background-repeat":"repeat","background-position":"center center","background-size":"auto","background-attachment":"scroll","background-type":"","background-media":"","overlay-type":"","overlay-color":"","overlay-opacity":"","overlay-gradient":""},"tablet":{"background-color":"","background-image":"","background-repeat":"repeat","background-position":"center center","background-size":"auto","background-attachment":"scroll","background-type":"","background-media":"","overlay-type":"","overlay-color":"","overlay-opacity":"","overlay-gradient":""},"mobile":{"background-color":"","background-image":"","background-repeat":"repeat","background-position":"center center","background-size":"auto","background-attachment":"scroll","background-type":"","background-media":"","overlay-type":"","overlay-color":"","overlay-opacity":"","overlay-gradient":""}},"ast-content-background-meta":{"desktop":{"background-color":"var(--ast-global-color-5)","background-image":"","background-repeat":"repeat","background-position":"center center","background-size":"auto","background-attachment":"scroll","background-type":"","background-media":"","overlay-type":"","overlay-color":"","overlay-opacity":"","overlay-gradient":""},"tablet":{"background-color":"var(--ast-global-color-5)","background-image":"","background-repeat":"repeat","background-position":"center center","background-size":"auto","background-attachment":"scroll","background-type":"","background-media":"","overlay-type":"","overlay-color":"","overlay-opacity":"","overlay-gradient":""},"mobile":{"background-color":"var(--ast-global-color-5)","background-image":"","background-repeat":"repeat","background-position":"center center","background-size":"auto","background-attachment":"scroll","background-type":"","background-media":"","overlay-type":"","overlay-color":"","overlay-opacity":"","overlay-gradient":""}},"footnotes":""},"class_list":["post-50973","page","type-page","status-publish","has-post-thumbnail","hentry"],"acf":[],"yoast_head":"<!-- This site is optimized with the Yoast SEO Premium plugin v22.8 (Yoast SEO v27.2) - https:\/\/yoast.com\/product\/yoast-seo-premium-wordpress\/ -->\n<title>PriceLabs Inscri\u00e7\u00e3o<\/title>\n<meta name=\"description\" content=\"Maximize a receita do seu hotel. Supere a concorr\u00eancia com pre\u00e7os automatizados e dados da PriceLabs.\" \/>\n<meta name=\"robots\" content=\"index, follow, max-snippet:-1, max-image-preview:large, max-video-preview:-1\" \/>\n<link rel=\"canonical\" href=\"https:\/\/hello.pricelabs.co\/pt-br\/inscrever-se-hoteis\/\" \/>\n<meta property=\"og:locale\" content=\"pt_BR\" \/>\n<meta property=\"og:type\" content=\"article\" \/>\n<meta property=\"og:title\" content=\"Inscrever-se Hot\u00e9is\" \/>\n<meta property=\"og:description\" content=\"Maximize a receita do seu hotel. Supere a concorr\u00eancia com pre\u00e7os automatizados e dados da PriceLabs.\" \/>\n<meta property=\"og:url\" content=\"https:\/\/hello.pricelabs.co\/pt-br\/inscrever-se-hoteis\/\" \/>\n<meta property=\"og:site_name\" content=\"PriceLabs\" \/>\n<meta property=\"article:publisher\" content=\"https:\/\/www.facebook.com\/PriceLabs1\/\" \/>\n<meta property=\"article:modified_time\" content=\"2026-02-05T09:23:18+00:00\" \/>\n<meta property=\"og:image\" content=\"https:\/\/hello.pricelabs.co\/wp-content\/uploads\/2025\/01\/Feature-Hotel-Blog-Metrics-used-in-hotel-revenue-management.webp\" \/>\n\t<meta property=\"og:image:width\" content=\"2135\" \/>\n\t<meta property=\"og:image:height\" content=\"1201\" \/>\n\t<meta property=\"og:image:type\" content=\"image\/webp\" \/>\n<meta name=\"twitter:card\" content=\"summary_large_image\" \/>\n<meta name=\"twitter:site\" content=\"@Price_Labs\" \/>\n<meta name=\"twitter:label1\" content=\"Est. tempo de leitura\" \/>\n\t<meta name=\"twitter:data1\" content=\"1 minuto\" \/>\n<script type=\"application\/ld+json\" class=\"yoast-schema-graph\">{\"@context\":\"https:\/\/schema.org\",\"@graph\":[{\"@type\":\"WebPage\",\"@id\":\"https:\/\/hello.pricelabs.co\/pt-br\/inscrever-se-hoteis\/\",\"url\":\"https:\/\/hello.pricelabs.co\/pt-br\/inscrever-se-hoteis\/\",\"name\":\"PriceLabs Inscri\u00e7\u00e3o\",\"isPartOf\":{\"@id\":\"https:\/\/hello.pricelabs.co\/pt-br\/#website\"},\"primaryImageOfPage\":{\"@id\":\"https:\/\/hello.pricelabs.co\/pt-br\/inscrever-se-hoteis\/#primaryimage\"},\"image\":{\"@id\":\"https:\/\/hello.pricelabs.co\/pt-br\/inscrever-se-hoteis\/#primaryimage\"},\"thumbnailUrl\":\"https:\/\/hello.pricelabs.co\/wp-content\/uploads\/2025\/01\/Feature-Hotel-Blog-Metrics-used-in-hotel-revenue-management.webp\",\"datePublished\":\"2024-09-12T09:02:36+00:00\",\"dateModified\":\"2026-02-05T09:23:18+00:00\",\"description\":\"Maximize a receita do seu hotel. Supere a concorr\u00eancia com pre\u00e7os automatizados e dados da PriceLabs.\",\"breadcrumb\":{\"@id\":\"https:\/\/hello.pricelabs.co\/pt-br\/inscrever-se-hoteis\/#breadcrumb\"},\"inLanguage\":\"pt-BR\",\"potentialAction\":[{\"@type\":\"ReadAction\",\"target\":[\"https:\/\/hello.pricelabs.co\/pt-br\/inscrever-se-hoteis\/\"]}]},{\"@type\":\"ImageObject\",\"inLanguage\":\"pt-BR\",\"@id\":\"https:\/\/hello.pricelabs.co\/pt-br\/inscrever-se-hoteis\/#primaryimage\",\"url\":\"https:\/\/hello.pricelabs.co\/wp-content\/uploads\/2025\/01\/Feature-Hotel-Blog-Metrics-used-in-hotel-revenue-management.webp\",\"contentUrl\":\"https:\/\/hello.pricelabs.co\/wp-content\/uploads\/2025\/01\/Feature-Hotel-Blog-Metrics-used-in-hotel-revenue-management.webp\",\"width\":2135,\"height\":1201,\"caption\":\"Key Metrics in Hotel Revenue Management\"},{\"@type\":\"BreadcrumbList\",\"@id\":\"https:\/\/hello.pricelabs.co\/pt-br\/inscrever-se-hoteis\/#breadcrumb\",\"itemListElement\":[{\"@type\":\"ListItem\",\"position\":1,\"name\":\"Home\",\"item\":\"https:\/\/hello.pricelabs.co\/pt-br\/\"},{\"@type\":\"ListItem\",\"position\":2,\"name\":\"Inscrever-se Hot\u00e9is\"}]},{\"@type\":\"WebSite\",\"@id\":\"https:\/\/hello.pricelabs.co\/pt-br\/#website\",\"url\":\"https:\/\/hello.pricelabs.co\/pt-br\/\",\"name\":\"PriceLabs\",\"description\":\"\",\"publisher\":{\"@id\":\"https:\/\/hello.pricelabs.co\/pt-br\/#organization\"},\"potentialAction\":[{\"@type\":\"SearchAction\",\"target\":{\"@type\":\"EntryPoint\",\"urlTemplate\":\"https:\/\/hello.pricelabs.co\/pt-br\/?s={search_term_string}\"},\"query-input\":{\"@type\":\"PropertyValueSpecification\",\"valueRequired\":true,\"valueName\":\"search_term_string\"}}],\"inLanguage\":\"pt-BR\"},{\"@type\":\"Organization\",\"@id\":\"https:\/\/hello.pricelabs.co\/pt-br\/#organization\",\"name\":\"Pricelabs\",\"url\":\"https:\/\/hello.pricelabs.co\/pt-br\/\",\"logo\":{\"@type\":\"ImageObject\",\"inLanguage\":\"pt-BR\",\"@id\":\"https:\/\/hello.pricelabs.co\/pt-br\/#\/schema\/logo\/image\/\",\"url\":\"https:\/\/hello.pricelabs.co\/wp-content\/uploads\/2023\/09\/cropped-Pricelabs-Logo-element.png\",\"contentUrl\":\"https:\/\/hello.pricelabs.co\/wp-content\/uploads\/2023\/09\/cropped-Pricelabs-Logo-element.png\",\"width\":512,\"height\":512,\"caption\":\"Pricelabs\"},\"image\":{\"@id\":\"https:\/\/hello.pricelabs.co\/pt-br\/#\/schema\/logo\/image\/\"},\"sameAs\":[\"https:\/\/www.facebook.com\/PriceLabs1\/\",\"https:\/\/x.com\/Price_Labs\",\"https:\/\/www.linkedin.com\/company\/pricelabs\/\"]}]}<\/script>\n<!-- \/ Yoast SEO Premium plugin. -->","yoast_head_json":{"title":"PriceLabs Inscri\u00e7\u00e3o","description":"Maximize a receita do seu hotel. Supere a concorr\u00eancia com pre\u00e7os automatizados e dados da PriceLabs.","robots":{"index":"index","follow":"follow","max-snippet":"max-snippet:-1","max-image-preview":"max-image-preview:large","max-video-preview":"max-video-preview:-1"},"canonical":"https:\/\/hello.pricelabs.co\/pt-br\/inscrever-se-hoteis\/","og_locale":"pt_BR","og_type":"article","og_title":"Inscrever-se Hot\u00e9is","og_description":"Maximize a receita do seu hotel. Supere a concorr\u00eancia com pre\u00e7os automatizados e dados da PriceLabs.","og_url":"https:\/\/hello.pricelabs.co\/pt-br\/inscrever-se-hoteis\/","og_site_name":"PriceLabs","article_publisher":"https:\/\/www.facebook.com\/PriceLabs1\/","article_modified_time":"2026-02-05T09:23:18+00:00","og_image":[{"width":2135,"height":1201,"url":"https:\/\/hello.pricelabs.co\/wp-content\/uploads\/2025\/01\/Feature-Hotel-Blog-Metrics-used-in-hotel-revenue-management.webp","type":"image\/webp"}],"twitter_card":"summary_large_image","twitter_site":"@Price_Labs","twitter_misc":{"Est. tempo de leitura":"1 minuto"},"schema":{"@context":"https:\/\/schema.org","@graph":[{"@type":"WebPage","@id":"https:\/\/hello.pricelabs.co\/pt-br\/inscrever-se-hoteis\/","url":"https:\/\/hello.pricelabs.co\/pt-br\/inscrever-se-hoteis\/","name":"PriceLabs Inscri\u00e7\u00e3o","isPartOf":{"@id":"https:\/\/hello.pricelabs.co\/pt-br\/#website"},"primaryImageOfPage":{"@id":"https:\/\/hello.pricelabs.co\/pt-br\/inscrever-se-hoteis\/#primaryimage"},"image":{"@id":"https:\/\/hello.pricelabs.co\/pt-br\/inscrever-se-hoteis\/#primaryimage"},"thumbnailUrl":"https:\/\/hello.pricelabs.co\/wp-content\/uploads\/2025\/01\/Feature-Hotel-Blog-Metrics-used-in-hotel-revenue-management.webp","datePublished":"2024-09-12T09:02:36+00:00","dateModified":"2026-02-05T09:23:18+00:00","description":"Maximize a receita do seu hotel. Supere a concorr\u00eancia com pre\u00e7os automatizados e dados da PriceLabs.","breadcrumb":{"@id":"https:\/\/hello.pricelabs.co\/pt-br\/inscrever-se-hoteis\/#breadcrumb"},"inLanguage":"pt-BR","potentialAction":[{"@type":"ReadAction","target":["https:\/\/hello.pricelabs.co\/pt-br\/inscrever-se-hoteis\/"]}]},{"@type":"ImageObject","inLanguage":"pt-BR","@id":"https:\/\/hello.pricelabs.co\/pt-br\/inscrever-se-hoteis\/#primaryimage","url":"https:\/\/hello.pricelabs.co\/wp-content\/uploads\/2025\/01\/Feature-Hotel-Blog-Metrics-used-in-hotel-revenue-management.webp","contentUrl":"https:\/\/hello.pricelabs.co\/wp-content\/uploads\/2025\/01\/Feature-Hotel-Blog-Metrics-used-in-hotel-revenue-management.webp","width":2135,"height":1201,"caption":"Key Metrics in Hotel Revenue Management"},{"@type":"BreadcrumbList","@id":"https:\/\/hello.pricelabs.co\/pt-br\/inscrever-se-hoteis\/#breadcrumb","itemListElement":[{"@type":"ListItem","position":1,"name":"Home","item":"https:\/\/hello.pricelabs.co\/pt-br\/"},{"@type":"ListItem","position":2,"name":"Inscrever-se Hot\u00e9is"}]},{"@type":"WebSite","@id":"https:\/\/hello.pricelabs.co\/pt-br\/#website","url":"https:\/\/hello.pricelabs.co\/pt-br\/","name":"PriceLabs","description":"","publisher":{"@id":"https:\/\/hello.pricelabs.co\/pt-br\/#organization"},"potentialAction":[{"@type":"SearchAction","target":{"@type":"EntryPoint","urlTemplate":"https:\/\/hello.pricelabs.co\/pt-br\/?s={search_term_string}"},"query-input":{"@type":"PropertyValueSpecification","valueRequired":true,"valueName":"search_term_string"}}],"inLanguage":"pt-BR"},{"@type":"Organization","@id":"https:\/\/hello.pricelabs.co\/pt-br\/#organization","name":"Pricelabs","url":"https:\/\/hello.pricelabs.co\/pt-br\/","logo":{"@type":"ImageObject","inLanguage":"pt-BR","@id":"https:\/\/hello.pricelabs.co\/pt-br\/#\/schema\/logo\/image\/","url":"https:\/\/hello.pricelabs.co\/wp-content\/uploads\/2023\/09\/cropped-Pricelabs-Logo-element.png","contentUrl":"https:\/\/hello.pricelabs.co\/wp-content\/uploads\/2023\/09\/cropped-Pricelabs-Logo-element.png","width":512,"height":512,"caption":"Pricelabs"},"image":{"@id":"https:\/\/hello.pricelabs.co\/pt-br\/#\/schema\/logo\/image\/"},"sameAs":["https:\/\/www.facebook.com\/PriceLabs1\/","https:\/\/x.com\/Price_Labs","https:\/\/www.linkedin.com\/company\/pricelabs\/"]}]}},"_links":{"self":[{"href":"https:\/\/hello.pricelabs.co\/pt-br\/wp-json\/wp\/v2\/pages\/50973","targetHints":{"allow":["GET"]}}],"collection":[{"href":"https:\/\/hello.pricelabs.co\/pt-br\/wp-json\/wp\/v2\/pages"}],"about":[{"href":"https:\/\/hello.pricelabs.co\/pt-br\/wp-json\/wp\/v2\/types\/page"}],"author":[{"embeddable":true,"href":"https:\/\/hello.pricelabs.co\/pt-br\/wp-json\/wp\/v2\/users\/20"}],"replies":[{"embeddable":true,"href":"https:\/\/hello.pricelabs.co\/pt-br\/wp-json\/wp\/v2\/comments?post=50973"}],"version-history":[{"count":0,"href":"https:\/\/hello.pricelabs.co\/pt-br\/wp-json\/wp\/v2\/pages\/50973\/revisions"}],"wp:featuredmedia":[{"embeddable":true,"href":"https:\/\/hello.pricelabs.co\/pt-br\/wp-json\/wp\/v2\/media\/67374"}],"wp:attachment":[{"href":"https:\/\/hello.pricelabs.co\/pt-br\/wp-json\/wp\/v2\/media?parent=50973"}],"curies":[{"name":"wp","href":"https:\/\/api.w.org\/{rel}","templated":true}]}}